{"id":752,"date":"2015-03-26T00:14:45","date_gmt":"2015-03-25T23:14:45","guid":{"rendered":"http:\/\/villapenprad.com\/?page_id=752"},"modified":"2015-03-26T00:14:45","modified_gmt":"2015-03-25T23:14:45","slug":"book-your-stay-at-villa-pen-prad","status":"publish","type":"page","link":"https:\/\/villapenprad.com\/en\/book-your-stay-at-villa-pen-prad\/","title":{"rendered":"Book your stay at Villa Pen Prad"},"content":{"rendered":"<blockquote><p>\u00ab Vivre \u00e0 Belle-\u00eele\u2026 Un r\u00eave et une \u00e9vidence pour nous.<br \/>\nNous aimons cette \u00eele que nous avons arpent\u00e9e \u00e9t\u00e9 comme hiver.<br \/>\nAvec notre maison d\u2019h\u00f4tes, nous souhaitons partager cet engouement et inciter \u00e0 la d\u00e9couverte de cette \u00eele merveilleuse. \u00bb<\/p><\/blockquote>\n<p>Find availability by contacting us with the form herein.<br \/>\nWe are at your service to help you organise your stay in our guest rooms<\/p>\n\n<div class=\"wpcf7 no-js\" id=\"wpcf7-f145-o1\" lang=\"\" dir=\"ltr\">\n<div class=\"screen-reader-response\"><p role=\"status\" aria-live=\"polite\" aria-atomic=\"true\"><\/p> <ul><\/ul><\/div>\n<form action=\"\/en\/wp-json\/wp\/v2\/pages\/752#wpcf7-f145-o1\" method=\"post\" class=\"wpcf7-form init\" aria-label=\"Contact form\" novalidate=\"novalidate\" data-status=\"init\">\n<div style=\"display: none;\">\n<input type=\"hidden\" name=\"_wpcf7\" value=\"145\" \/>\n<input type=\"hidden\" name=\"_wpcf7_version\" value=\"5.7.7\" \/>\n<input type=\"hidden\" name=\"_wpcf7_locale\" value=\"\" \/>\n<input type=\"hidden\" name=\"_wpcf7_unit_tag\" value=\"wpcf7-f145-o1\" \/>\n<input type=\"hidden\" name=\"_wpcf7_container_post\" value=\"0\" \/>\n<input type=\"hidden\" name=\"_wpcf7_posted_data_hash\" value=\"\" \/>\n<\/div>\n<div style=\"font-size:0.8em;\">\n\t<p>(Les champs suivis du symbole <span style=\"color:red;\">*<\/span> sont obligatoires.)\n\t<\/p>\n<\/div>\n<div style=\"clear:both;\">\n\t<p>Votre nom <span style=\"color:red;\">*<\/span>\n\t<\/p>\n\t<p><span class=\"wpcf7-form-control-wrap\" data-name=\"your-name\"><input size=\"40\" class=\"wpcf7-form-control wpcf7-text wpcf7-validates-as-required\" aria-required=\"true\" aria-invalid=\"false\" value=\"\" type=\"text\" name=\"your-name\" \/><\/span>\n\t<\/p>\n<\/div>\n<div>\n\t<p style=\"float:left;margin-right:20px;\">Votre email <span style=\"color:red;\">*<\/span>\n\t<\/p>\n\t<p><span class=\"wpcf7-form-control-wrap\" data-name=\"your-email\"><input size=\"40\" class=\"wpcf7-form-control wpcf7-text wpcf7-email wpcf7-validates-as-required wpcf7-validates-as-email\" aria-required=\"true\" aria-invalid=\"false\" value=\"\" type=\"email\" name=\"your-email\" \/><\/span>\n\t<\/p>\n\t<p style=\"float:left;\">Votre t\u00e9l\u00e9phone <span style=\"color:red;\">*<\/span><br \/>\n<span class=\"wpcf7-form-control-wrap\" data-name=\"phone\"><input size=\"40\" class=\"wpcf7-form-control wpcf7-text wpcf7-validates-as-required\" aria-required=\"true\" aria-invalid=\"false\" value=\"\" type=\"text\" name=\"phone\" \/><\/span>\n\t<\/p>\n<\/div>\n<div style=\"clear:both;\">\n\t<p style=\"float:left;margin-right:20px;\">Date d'arriv\u00e9e (aaaa-mm-jj)<br \/>\n<span class=\"wpcf7-form-control-wrap\" data-name=\"check-in\"><input class=\"wpcf7-form-control wpcf7-date wpcf7-validates-as-date\" min=\"2014-01-01\" aria-invalid=\"false\" value=\"\" type=\"date\" name=\"check-in\" \/><\/span>\n\t<\/p>\n\t<p style=\"float:left;margin-right:20px;\">Date de d\u00e9part (aaaa-mm-jj)<br \/>\n<span class=\"wpcf7-form-control-wrap\" data-name=\"check-out\"><input class=\"wpcf7-form-control wpcf7-date wpcf7-validates-as-date\" min=\"2014-01-01\" aria-invalid=\"false\" value=\"\" type=\"date\" name=\"check-out\" \/><\/span>\n\t<\/p>\n\t<p style=\"float:left;\">Nombre de personnes<br \/>\n<span class=\"wpcf7-form-control-wrap\" data-name=\"guests\"><input size=\"5\" class=\"wpcf7-form-control wpcf7-text\" aria-invalid=\"false\" value=\"\" type=\"text\" name=\"guests\" \/><\/span>\n\t<\/p>\n<\/div>\n<div style=\"clear:both;\">\n\t<p>Votre message\n\t<\/p>\n\t<p><span class=\"wpcf7-form-control-wrap\" data-name=\"your-message\"><textarea cols=\"40\" rows=\"10\" class=\"wpcf7-form-control wpcf7-textarea\" aria-invalid=\"false\" name=\"your-message\"><\/textarea><\/span>\n\t<\/p>\n\t<p><span class=\"wpcf7-form-control-wrap\" data-name=\"CGU\"><span class=\"wpcf7-form-control wpcf7-checkbox wpcf7-validates-as-required\"><span class=\"wpcf7-list-item first last\"><input type=\"checkbox\" name=\"CGU[]\" value=\"J&#039;ai lu et j&#039;accepte les conditions g\u00e9n\u00e9rales de vente\" \/><span class=\"wpcf7-list-item-label\">J&#039;ai lu et j&#039;accepte les conditions g\u00e9n\u00e9rales de vente<\/span><\/span><\/span><\/span><a href=\"http:\/\/villapenprad.com\/wp-content\/uploads\/CGV_Villa_Pen_Prad_2018.pdf\">consultables ici<\/a><span style=\"color:red;\">*<\/span>\n\t<\/p>\n\t<p><input class=\"wpcf7-form-control has-spinner wpcf7-submit\" type=\"submit\" value=\"Envoyer\" \/>\n\t<\/p>\n<\/div><p style=\"display: none !important;\" class=\"akismet-fields-container\" data-prefix=\"_wpcf7_ak_\"><label>&#916;<textarea name=\"_wpcf7_ak_hp_textarea\" cols=\"45\" rows=\"8\" maxlength=\"100\"><\/textarea><\/label><input type=\"hidden\" id=\"ak_js_1\" name=\"_wpcf7_ak_js\" value=\"66\"\/><script>document.getElementById( \"ak_js_1\" ).setAttribute( \"value\", ( new Date() ).getTime() );<\/script><\/p><div class=\"wpcf7-response-output\" aria-hidden=\"true\"><\/div>\n<\/form>\n<\/div>\n\n<p><em><span style=\"color: #999999;\"><br \/>\nRooms are available from 1700 on the day of your arrival and must be freed before 1100 on the day of departure.<br \/>\nAnimals not accepted<br \/>\nThe Guesthouse and its rooms as non-smoking areas.<br \/>\nThank you for your understanding<br \/>\n<a href=\"http:\/\/villapenprad.com\/wp-content\/uploads\/Conditions-G\u00e9n\u00e9rales-de-Vente-Villa-Pen-Prad.pdf\" target=\"_blank\">See our terms and conditions<\/a><br \/>\n<\/span><\/em><\/p>\n","protected":false},"excerpt":{"rendered":"<p>\u00ab Vivre \u00e0 Belle-\u00eele\u2026 Un r\u00eave et une \u00e9vidence pour nous. Nous aimons cette \u00eele que nous avons arpent\u00e9e \u00e9t\u00e9 comme hiver. Avec notre maison d\u2019h\u00f4tes, nous souhaitons partager cet engouement et inciter \u00e0 la d\u00e9couverte de cette \u00eele merveilleuse. \u00bb Find availability by contacting us with the form herein.\u2026<\/p>\n<p class=\"continue-reading-button\"> <a class=\"continue-reading-link\" href=\"https:\/\/villapenprad.com\/en\/book-your-stay-at-villa-pen-prad\/\">Continue reading<i class=\"crycon-right-dir\"><\/i><\/a><\/p>\n","protected":false},"author":1,"featured_media":0,"parent":0,"menu_order":0,"comment_status":"closed","ping_status":"closed","template":"","meta":{"_monsterinsights_skip_tracking":false,"_monsterinsights_sitenote_active":false,"_monsterinsights_sitenote_note":"","_monsterinsights_sitenote_category":0},"yoast_head":"<!-- This site is optimized with the Yoast SEO plugin v20.11 - https:\/\/yoast.com\/wordpress\/plugins\/seo\/ -->\n<title>Book your stay at Villa Pen Prad - Villa Pen Prad<\/title>\n<meta name=\"robots\" content=\"index, follow, max-snippet:-1, max-image-preview:large, max-video-preview:-1\" \/>\n<link rel=\"canonical\" href=\"https:\/\/villapenprad.com\/en\/book-your-stay-at-villa-pen-prad\/\" \/>\n<meta property=\"og:locale\" content=\"en_US\" \/>\n<meta property=\"og:type\" content=\"article\" \/>\n<meta property=\"og:title\" content=\"Book your stay at Villa Pen Prad - Villa Pen Prad\" \/>\n<meta property=\"og:description\" content=\"\u00ab Vivre \u00e0 Belle-\u00eele\u2026 Un r\u00eave et une \u00e9vidence pour nous. Nous aimons cette \u00eele que nous avons arpent\u00e9e \u00e9t\u00e9 comme hiver. Avec notre maison d\u2019h\u00f4tes, nous souhaitons partager cet engouement et inciter \u00e0 la d\u00e9couverte de cette \u00eele merveilleuse. \u00bb Find availability by contacting us with the form herein.\u2026 Continue reading\" \/>\n<meta property=\"og:url\" content=\"https:\/\/villapenprad.com\/en\/book-your-stay-at-villa-pen-prad\/\" \/>\n<meta property=\"og:site_name\" content=\"Villa Pen Prad\" \/>\n<meta name=\"twitter:label1\" content=\"Est. reading time\" \/>\n\t<meta name=\"twitter:data1\" content=\"1 minute\" \/>\n<script type=\"application\/ld+json\" class=\"yoast-schema-graph\">{\"@context\":\"https:\/\/schema.org\",\"@graph\":[{\"@type\":\"WebPage\",\"@id\":\"https:\/\/villapenprad.com\/en\/book-your-stay-at-villa-pen-prad\/\",\"url\":\"https:\/\/villapenprad.com\/en\/book-your-stay-at-villa-pen-prad\/\",\"name\":\"Book your stay at Villa Pen Prad - Villa Pen Prad\",\"isPartOf\":{\"@id\":\"https:\/\/villapenprad.com\/#website\"},\"datePublished\":\"2015-03-25T23:14:45+00:00\",\"dateModified\":\"2015-03-25T23:14:45+00:00\",\"breadcrumb\":{\"@id\":\"https:\/\/villapenprad.com\/en\/book-your-stay-at-villa-pen-prad\/#breadcrumb\"},\"inLanguage\":\"en-US\",\"potentialAction\":[{\"@type\":\"ReadAction\",\"target\":[\"https:\/\/villapenprad.com\/en\/book-your-stay-at-villa-pen-prad\/\"]}]},{\"@type\":\"BreadcrumbList\",\"@id\":\"https:\/\/villapenprad.com\/en\/book-your-stay-at-villa-pen-prad\/#breadcrumb\",\"itemListElement\":[{\"@type\":\"ListItem\",\"position\":1,\"name\":\"Home\",\"item\":\"https:\/\/villapenprad.com\/\"},{\"@type\":\"ListItem\",\"position\":2,\"name\":\"Book your stay at Villa Pen Prad\"}]},{\"@type\":\"WebSite\",\"@id\":\"https:\/\/villapenprad.com\/#website\",\"url\":\"https:\/\/villapenprad.com\/\",\"name\":\"Villa Pen Prad\",\"description\":\"Location de chambres d&#039;h\u00f4tes \u00e0 Belle-\u00eele-en-mer\",\"potentialAction\":[{\"@type\":\"SearchAction\",\"target\":{\"@type\":\"EntryPoint\",\"urlTemplate\":\"https:\/\/villapenprad.com\/?s={search_term_string}\"},\"query-input\":\"required name=search_term_string\"}],\"inLanguage\":\"en-US\"}]}<\/script>\n<!-- \/ Yoast SEO plugin. -->","yoast_head_json":{"title":"Book your stay at Villa Pen Prad - Villa Pen Prad","robots":{"index":"index","follow":"follow","max-snippet":"max-snippet:-1","max-image-preview":"max-image-preview:large","max-video-preview":"max-video-preview:-1"},"canonical":"https:\/\/villapenprad.com\/en\/book-your-stay-at-villa-pen-prad\/","og_locale":"en_US","og_type":"article","og_title":"Book your stay at Villa Pen Prad - Villa Pen Prad","og_description":"\u00ab Vivre \u00e0 Belle-\u00eele\u2026 Un r\u00eave et une \u00e9vidence pour nous. Nous aimons cette \u00eele que nous avons arpent\u00e9e \u00e9t\u00e9 comme hiver. Avec notre maison d\u2019h\u00f4tes, nous souhaitons partager cet engouement et inciter \u00e0 la d\u00e9couverte de cette \u00eele merveilleuse. \u00bb Find availability by contacting us with the form herein.\u2026 Continue reading","og_url":"https:\/\/villapenprad.com\/en\/book-your-stay-at-villa-pen-prad\/","og_site_name":"Villa Pen Prad","twitter_misc":{"Est. reading time":"1 minute"},"schema":{"@context":"https:\/\/schema.org","@graph":[{"@type":"WebPage","@id":"https:\/\/villapenprad.com\/en\/book-your-stay-at-villa-pen-prad\/","url":"https:\/\/villapenprad.com\/en\/book-your-stay-at-villa-pen-prad\/","name":"Book your stay at Villa Pen Prad - Villa Pen Prad","isPartOf":{"@id":"https:\/\/villapenprad.com\/#website"},"datePublished":"2015-03-25T23:14:45+00:00","dateModified":"2015-03-25T23:14:45+00:00","breadcrumb":{"@id":"https:\/\/villapenprad.com\/en\/book-your-stay-at-villa-pen-prad\/#breadcrumb"},"inLanguage":"en-US","potentialAction":[{"@type":"ReadAction","target":["https:\/\/villapenprad.com\/en\/book-your-stay-at-villa-pen-prad\/"]}]},{"@type":"BreadcrumbList","@id":"https:\/\/villapenprad.com\/en\/book-your-stay-at-villa-pen-prad\/#breadcrumb","itemListElement":[{"@type":"ListItem","position":1,"name":"Home","item":"https:\/\/villapenprad.com\/"},{"@type":"ListItem","position":2,"name":"Book your stay at Villa Pen Prad"}]},{"@type":"WebSite","@id":"https:\/\/villapenprad.com\/#website","url":"https:\/\/villapenprad.com\/","name":"Villa Pen Prad","description":"Location de chambres d&#039;h\u00f4tes \u00e0 Belle-\u00eele-en-mer","potentialAction":[{"@type":"SearchAction","target":{"@type":"EntryPoint","urlTemplate":"https:\/\/villapenprad.com\/?s={search_term_string}"},"query-input":"required name=search_term_string"}],"inLanguage":"en-US"}]}},"_links":{"self":[{"href":"https:\/\/villapenprad.com\/en\/wp-json\/wp\/v2\/pages\/752"}],"collection":[{"href":"https:\/\/villapenprad.com\/en\/wp-json\/wp\/v2\/pages"}],"about":[{"href":"https:\/\/villapenprad.com\/en\/wp-json\/wp\/v2\/types\/page"}],"author":[{"embeddable":true,"href":"https:\/\/villapenprad.com\/en\/wp-json\/wp\/v2\/users\/1"}],"replies":[{"embeddable":true,"href":"https:\/\/villapenprad.com\/en\/wp-json\/wp\/v2\/comments?post=752"}],"version-history":[{"count":1,"href":"https:\/\/villapenprad.com\/en\/wp-json\/wp\/v2\/pages\/752\/revisions"}],"predecessor-version":[{"id":753,"href":"https:\/\/villapenprad.com\/en\/wp-json\/wp\/v2\/pages\/752\/revisions\/753"}],"wp:attachment":[{"href":"https:\/\/villapenprad.com\/en\/wp-json\/wp\/v2\/media?parent=752"}],"curies":[{"name":"wp","href":"https:\/\/api.w.org\/{rel}","templated":true}]}}