{"id":748,"date":"2015-03-26T00:10:42","date_gmt":"2015-03-25T23:10:42","guid":{"rendered":"http:\/\/villapenprad.com\/?page_id=748"},"modified":"2023-01-26T15:32:38","modified_gmt":"2023-01-26T14:32:38","slug":"prices","status":"publish","type":"page","link":"https:\/\/villapenprad.com\/en\/prices\/","title":{"rendered":"Prices"},"content":{"rendered":"<p>Villa Pen Prad welcomes you in its 5 guest rooms, 2 suites and 3 bedrooms, all of which benefit from superb sea views.<\/p>\n<p>Entirely renovated, the guesthouse offers you during your stay other premium living areas: the living room and its unique 180deg views over the sea and Mediterranean gardens. You will most enjoy the Villa\u2019s prime location: literally on the water and Sauzon\u2019s port, simultaneously calm and at the heart of Sauzon life.<\/p>\n<p><strong>Price of the 3 bedrooms<\/strong> \u2013 capacity up to 2 people: Kerdonis, Gu\u00e9del, Vindilis<\/p>\n<ul>\n<li>170\u20ac per night, breakfast included<\/li>\n<li>185\u20ac per night during middle season*, breakfast included<\/li>\n<li>198\u20ac per night during high season, breakfast included<\/li>\n<\/ul>\n<p><strong>Price of the suite Guerveur<\/strong>\u00a0\u2013 capacity up to 3 people (2 independent bedrooms)<\/p>\n<ul>\n<li>210\u20ac per night, breakfast included \u2013 on a 2 person occupancy basis \/ 80\u20ac extra per additional person (45\u20ac -16 years old)<\/li>\n<li>225\u20ac per night during\u00a0middle\u00a0season*, breakfast included \u2013 on a 2 person occupancy basis \/ 80\u20ac extra per additional person (45\u20ac -16 years old)<\/li>\n<li>240\u20ac per night during\u00a0middle\u00a0season*, breakfast included \u2013 on a 2 person occupancy basis \/ 80\u20ac extra per additional person (45\u20ac -16 years old)<\/li>\n<\/ul>\n<p><strong>Price of the suite\u00a0Acadie<\/strong> &#8211;\u00a0capacity up to 2 people : 1 bedroom and a private lounge<\/p>\n<ul>\n<li>220\u20ac per night, breakfast included<\/li>\n<li>240\u20ac per night during middle season*, breakfast included<\/li>\n<li>260\u20ac per night during high season, breakfast included<\/li>\n<\/ul>\n<p><em>* High season is defined as the months of July and August, Easter week-end and May and June bank holiday week-ends. Middle season : the months of May, June and September.<\/em><\/p>\n<p>** Additional stay tax is 0.70\u20ac per person per night.<\/p>\n<p><a href=\"http:\/\/villapenprad.com\/wp-content\/uploads\/Conditions-G\u00e9n\u00e9rales-de-Vente-Villa-Pen-Prad.pdf\" target=\"_blank\">See our Terms and Conditions<\/a><\/p>\n","protected":false},"excerpt":{"rendered":"<p>Villa Pen Prad welcomes you in its 5 guest rooms, 2 suites and 3 bedrooms, all of which benefit from superb sea views. Entirely renovated, the guesthouse offers you during your stay other premium living areas: the living room and its unique 180deg views over the sea and Mediterranean gardens.\u2026<\/p>\n<p class=\"continue-reading-button\"> <a class=\"continue-reading-link\" href=\"https:\/\/villapenprad.com\/en\/prices\/\">Continue reading<i class=\"crycon-right-dir\"><\/i><\/a><\/p>\n","protected":false},"author":1,"featured_media":0,"parent":0,"menu_order":0,"comment_status":"closed","ping_status":"closed","template":"","meta":{"_monsterinsights_skip_tracking":false,"_monsterinsights_sitenote_active":false,"_monsterinsights_sitenote_note":"","_monsterinsights_sitenote_category":0},"yoast_head":"<!-- This site is optimized with the Yoast SEO plugin v20.11 - https:\/\/yoast.com\/wordpress\/plugins\/seo\/ -->\n<title>Prices - Villa Pen Prad<\/title>\n<meta name=\"robots\" content=\"index, follow, max-snippet:-1, max-image-preview:large, max-video-preview:-1\" \/>\n<link rel=\"canonical\" href=\"https:\/\/villapenprad.com\/en\/prices\/\" \/>\n<meta property=\"og:locale\" content=\"en_US\" \/>\n<meta property=\"og:type\" content=\"article\" \/>\n<meta property=\"og:title\" content=\"Prices - Villa Pen Prad\" \/>\n<meta property=\"og:description\" content=\"Villa Pen Prad welcomes you in its 5 guest rooms, 2 suites and 3 bedrooms, all of which benefit from superb sea views. Entirely renovated, the guesthouse offers you during your stay other premium living areas: the living room and its unique 180deg views over the sea and Mediterranean gardens.\u2026 Continue reading\" \/>\n<meta property=\"og:url\" content=\"https:\/\/villapenprad.com\/en\/prices\/\" \/>\n<meta property=\"og:site_name\" content=\"Villa Pen Prad\" \/>\n<meta property=\"article:modified_time\" content=\"2023-01-26T14:32:38+00:00\" \/>\n<meta name=\"twitter:label1\" content=\"Est. reading time\" \/>\n\t<meta name=\"twitter:data1\" content=\"1 minute\" \/>\n<script type=\"application\/ld+json\" class=\"yoast-schema-graph\">{\"@context\":\"https:\/\/schema.org\",\"@graph\":[{\"@type\":\"WebPage\",\"@id\":\"https:\/\/villapenprad.com\/en\/prices\/\",\"url\":\"https:\/\/villapenprad.com\/en\/prices\/\",\"name\":\"Prices - Villa Pen Prad\",\"isPartOf\":{\"@id\":\"https:\/\/villapenprad.com\/#website\"},\"datePublished\":\"2015-03-25T23:10:42+00:00\",\"dateModified\":\"2023-01-26T14:32:38+00:00\",\"breadcrumb\":{\"@id\":\"https:\/\/villapenprad.com\/en\/prices\/#breadcrumb\"},\"inLanguage\":\"en-US\",\"potentialAction\":[{\"@type\":\"ReadAction\",\"target\":[\"https:\/\/villapenprad.com\/en\/prices\/\"]}]},{\"@type\":\"BreadcrumbList\",\"@id\":\"https:\/\/villapenprad.com\/en\/prices\/#breadcrumb\",\"itemListElement\":[{\"@type\":\"ListItem\",\"position\":1,\"name\":\"Home\",\"item\":\"https:\/\/villapenprad.com\/\"},{\"@type\":\"ListItem\",\"position\":2,\"name\":\"Prices\"}]},{\"@type\":\"WebSite\",\"@id\":\"https:\/\/villapenprad.com\/#website\",\"url\":\"https:\/\/villapenprad.com\/\",\"name\":\"Villa Pen Prad\",\"description\":\"Location de chambres d&#039;h\u00f4tes \u00e0 Belle-\u00eele-en-mer\",\"potentialAction\":[{\"@type\":\"SearchAction\",\"target\":{\"@type\":\"EntryPoint\",\"urlTemplate\":\"https:\/\/villapenprad.com\/?s={search_term_string}\"},\"query-input\":\"required name=search_term_string\"}],\"inLanguage\":\"en-US\"}]}<\/script>\n<!-- \/ Yoast SEO plugin. -->","yoast_head_json":{"title":"Prices - Villa Pen Prad","robots":{"index":"index","follow":"follow","max-snippet":"max-snippet:-1","max-image-preview":"max-image-preview:large","max-video-preview":"max-video-preview:-1"},"canonical":"https:\/\/villapenprad.com\/en\/prices\/","og_locale":"en_US","og_type":"article","og_title":"Prices - Villa Pen Prad","og_description":"Villa Pen Prad welcomes you in its 5 guest rooms, 2 suites and 3 bedrooms, all of which benefit from superb sea views. Entirely renovated, the guesthouse offers you during your stay other premium living areas: the living room and its unique 180deg views over the sea and Mediterranean gardens.\u2026 Continue reading","og_url":"https:\/\/villapenprad.com\/en\/prices\/","og_site_name":"Villa Pen Prad","article_modified_time":"2023-01-26T14:32:38+00:00","twitter_misc":{"Est. reading time":"1 minute"},"schema":{"@context":"https:\/\/schema.org","@graph":[{"@type":"WebPage","@id":"https:\/\/villapenprad.com\/en\/prices\/","url":"https:\/\/villapenprad.com\/en\/prices\/","name":"Prices - Villa Pen Prad","isPartOf":{"@id":"https:\/\/villapenprad.com\/#website"},"datePublished":"2015-03-25T23:10:42+00:00","dateModified":"2023-01-26T14:32:38+00:00","breadcrumb":{"@id":"https:\/\/villapenprad.com\/en\/prices\/#breadcrumb"},"inLanguage":"en-US","potentialAction":[{"@type":"ReadAction","target":["https:\/\/villapenprad.com\/en\/prices\/"]}]},{"@type":"BreadcrumbList","@id":"https:\/\/villapenprad.com\/en\/prices\/#breadcrumb","itemListElement":[{"@type":"ListItem","position":1,"name":"Home","item":"https:\/\/villapenprad.com\/"},{"@type":"ListItem","position":2,"name":"Prices"}]},{"@type":"WebSite","@id":"https:\/\/villapenprad.com\/#website","url":"https:\/\/villapenprad.com\/","name":"Villa Pen Prad","description":"Location de chambres d&#039;h\u00f4tes \u00e0 Belle-\u00eele-en-mer","potentialAction":[{"@type":"SearchAction","target":{"@type":"EntryPoint","urlTemplate":"https:\/\/villapenprad.com\/?s={search_term_string}"},"query-input":"required name=search_term_string"}],"inLanguage":"en-US"}]}},"_links":{"self":[{"href":"https:\/\/villapenprad.com\/en\/wp-json\/wp\/v2\/pages\/748"}],"collection":[{"href":"https:\/\/villapenprad.com\/en\/wp-json\/wp\/v2\/pages"}],"about":[{"href":"https:\/\/villapenprad.com\/en\/wp-json\/wp\/v2\/types\/page"}],"author":[{"embeddable":true,"href":"https:\/\/villapenprad.com\/en\/wp-json\/wp\/v2\/users\/1"}],"replies":[{"embeddable":true,"href":"https:\/\/villapenprad.com\/en\/wp-json\/wp\/v2\/comments?post=748"}],"version-history":[{"count":6,"href":"https:\/\/villapenprad.com\/en\/wp-json\/wp\/v2\/pages\/748\/revisions"}],"predecessor-version":[{"id":1041,"href":"https:\/\/villapenprad.com\/en\/wp-json\/wp\/v2\/pages\/748\/revisions\/1041"}],"wp:attachment":[{"href":"https:\/\/villapenprad.com\/en\/wp-json\/wp\/v2\/media?parent=748"}],"curies":[{"name":"wp","href":"https:\/\/api.w.org\/{rel}","templated":true}]}}