{"id":746,"date":"2015-03-26T00:06:42","date_gmt":"2015-03-25T23:06:42","guid":{"rendered":"http:\/\/villapenprad.com\/?page_id=746"},"modified":"2015-03-26T00:06:42","modified_gmt":"2015-03-25T23:06:42","slug":"tourism-our-favourite-places","status":"publish","type":"page","link":"https:\/\/villapenprad.com\/en\/tourism-our-favourite-places\/","title":{"rendered":"Tourism: our favourite places"},"content":{"rendered":"\n\t\t<style type=\"text\/css\">\n\t\t\t#gallery-1 {\n\t\t\t\tmargin: auto;\n\t\t\t}\n\t\t\t#gallery-1 .gallery-item {\n\t\t\t\tfloat: left;\n\t\t\t\tmargin-top: 10px;\n\t\t\t\ttext-align: center;\n\t\t\t\twidth: 33%;\n\t\t\t}\n\t\t\t#gallery-1 img {\n\t\t\t\tborder: 2px solid #cfcfcf;\n\t\t\t}\n\t\t\t#gallery-1 .gallery-caption {\n\t\t\t\tmargin-left: 0;\n\t\t\t}\n\t\t\t\/* see gallery_shortcode() in wp-includes\/media.php *\/\n\t\t<\/style>\n\t\t<div id='gallery-1' class='gallery galleryid-746 gallery-columns-3 gallery-size-thumbnail'><dl class='gallery-item'>\n\t\t\t<dt class='gallery-icon landscape'>\n\t\t\t\t<a href='https:\/\/villapenprad.com\/wp-content\/uploads\/Tourisme_Belle_Ile_Villa_Pen_Prad_9.jpg' title=\"\" data-rl_title=\"\" class=\"rl-gallery-link\" data-rl_caption=\"\" data-rel=\"lightbox-gallery-1\"><img width=\"150\" height=\"150\" src=\"https:\/\/villapenprad.com\/wp-content\/uploads\/Tourisme_Belle_Ile_Villa_Pen_Prad_9-150x150.jpg\" class=\"attachment-thumbnail size-thumbnail\" alt=\"\" decoding=\"async\" loading=\"lazy\" \/><\/a>\n\t\t\t<\/dt><\/dl><dl class='gallery-item'>\n\t\t\t<dt class='gallery-icon landscape'>\n\t\t\t\t<a href='https:\/\/villapenprad.com\/wp-content\/uploads\/Tourisme_Belle_Ile_Villa_Pen_Prad_8.jpg' title=\"\" data-rl_title=\"\" class=\"rl-gallery-link\" data-rl_caption=\"\" data-rel=\"lightbox-gallery-1\"><img width=\"150\" height=\"150\" src=\"https:\/\/villapenprad.com\/wp-content\/uploads\/Tourisme_Belle_Ile_Villa_Pen_Prad_8-150x150.jpg\" class=\"attachment-thumbnail size-thumbnail\" alt=\"\" decoding=\"async\" loading=\"lazy\" \/><\/a>\n\t\t\t<\/dt><\/dl><dl class='gallery-item'>\n\t\t\t<dt class='gallery-icon landscape'>\n\t\t\t\t<a href='https:\/\/villapenprad.com\/wp-content\/uploads\/Tourisme_Belle_Ile_Villa_Pen_Prad_6.jpg' title=\"\" data-rl_title=\"\" class=\"rl-gallery-link\" data-rl_caption=\"\" data-rel=\"lightbox-gallery-1\"><img width=\"150\" height=\"150\" src=\"https:\/\/villapenprad.com\/wp-content\/uploads\/Tourisme_Belle_Ile_Villa_Pen_Prad_6-150x150.jpg\" class=\"attachment-thumbnail size-thumbnail\" alt=\"\" decoding=\"async\" loading=\"lazy\" \/><\/a>\n\t\t\t<\/dt><\/dl><br style=\"clear: both\" \/><dl class='gallery-item'>\n\t\t\t<dt class='gallery-icon landscape'>\n\t\t\t\t<a href='https:\/\/villapenprad.com\/wp-content\/uploads\/Tourisme_Belle_Ile_Villa_Pen_Prad_7.jpg' title=\"\" data-rl_title=\"\" class=\"rl-gallery-link\" data-rl_caption=\"\" data-rel=\"lightbox-gallery-1\"><img width=\"150\" height=\"150\" src=\"https:\/\/villapenprad.com\/wp-content\/uploads\/Tourisme_Belle_Ile_Villa_Pen_Prad_7-150x150.jpg\" class=\"attachment-thumbnail size-thumbnail\" alt=\"\" decoding=\"async\" loading=\"lazy\" \/><\/a>\n\t\t\t<\/dt><\/dl><dl class='gallery-item'>\n\t\t\t<dt class='gallery-icon landscape'>\n\t\t\t\t<a href='https:\/\/villapenprad.com\/wp-content\/uploads\/Tourisme_Belle_Ile_Villa_Pen_Prad_5.jpg' title=\"\" data-rl_title=\"\" class=\"rl-gallery-link\" data-rl_caption=\"\" data-rel=\"lightbox-gallery-1\"><img width=\"150\" height=\"150\" src=\"https:\/\/villapenprad.com\/wp-content\/uploads\/Tourisme_Belle_Ile_Villa_Pen_Prad_5-150x150.jpg\" class=\"attachment-thumbnail size-thumbnail\" alt=\"\" decoding=\"async\" loading=\"lazy\" \/><\/a>\n\t\t\t<\/dt><\/dl><dl class='gallery-item'>\n\t\t\t<dt class='gallery-icon portrait'>\n\t\t\t\t<a href='https:\/\/villapenprad.com\/wp-content\/uploads\/Tourisme_Belle_Ile_Villa_Pen_Prad_4.jpg' title=\"\" data-rl_title=\"\" class=\"rl-gallery-link\" data-rl_caption=\"\" data-rel=\"lightbox-gallery-1\"><img width=\"150\" height=\"150\" src=\"https:\/\/villapenprad.com\/wp-content\/uploads\/Tourisme_Belle_Ile_Villa_Pen_Prad_4-150x150.jpg\" class=\"attachment-thumbnail size-thumbnail\" alt=\"\" decoding=\"async\" loading=\"lazy\" \/><\/a>\n\t\t\t<\/dt><\/dl><br style=\"clear: both\" \/><dl class='gallery-item'>\n\t\t\t<dt class='gallery-icon landscape'>\n\t\t\t\t<a href='https:\/\/villapenprad.com\/wp-content\/uploads\/Tourisme_Belle_Ile_Villa_Pen_Prad_3.jpg' title=\"\" data-rl_title=\"\" class=\"rl-gallery-link\" data-rl_caption=\"\" data-rel=\"lightbox-gallery-1\"><img width=\"150\" height=\"150\" src=\"https:\/\/villapenprad.com\/wp-content\/uploads\/Tourisme_Belle_Ile_Villa_Pen_Prad_3-150x150.jpg\" class=\"attachment-thumbnail size-thumbnail\" alt=\"\" decoding=\"async\" loading=\"lazy\" \/><\/a>\n\t\t\t<\/dt><\/dl><dl class='gallery-item'>\n\t\t\t<dt class='gallery-icon landscape'>\n\t\t\t\t<a href='https:\/\/villapenprad.com\/wp-content\/uploads\/Tourisme_Belle_Ile_Villa_Pen_Prad_2.jpg' title=\"\" data-rl_title=\"\" class=\"rl-gallery-link\" data-rl_caption=\"\" data-rel=\"lightbox-gallery-1\"><img width=\"150\" height=\"150\" src=\"https:\/\/villapenprad.com\/wp-content\/uploads\/Tourisme_Belle_Ile_Villa_Pen_Prad_2-150x150.jpg\" class=\"attachment-thumbnail size-thumbnail\" alt=\"\" decoding=\"async\" loading=\"lazy\" \/><\/a>\n\t\t\t<\/dt><\/dl><dl class='gallery-item'>\n\t\t\t<dt class='gallery-icon portrait'>\n\t\t\t\t<a href='https:\/\/villapenprad.com\/wp-content\/uploads\/Tourisme_Belle_Ile_Villa_Pen_Prad_1.jpg' title=\"\" data-rl_title=\"\" class=\"rl-gallery-link\" data-rl_caption=\"\" data-rel=\"lightbox-gallery-1\"><img width=\"150\" height=\"150\" src=\"https:\/\/villapenprad.com\/wp-content\/uploads\/Tourisme_Belle_Ile_Villa_Pen_Prad_1-150x150.jpg\" class=\"attachment-thumbnail size-thumbnail\" alt=\"\" decoding=\"async\" loading=\"lazy\" \/><\/a>\n\t\t\t<\/dt><\/dl><br style=\"clear: both\" \/>\n\t\t<\/div>\n\n<blockquote><p>Belle-Ile, La Bien Nomm\u00e9e\u2026 so true!<\/p><\/blockquote>\n<p>For its landscapes, its colours and contrasts, for its preserved authenticity, Belle-Ile is a choice destination for tourism.<\/p>\n<h2>Nature<\/h2>\n<p>You will be fascinated by the island, with its  <a href=\"http:\/\/www.belle-ile.com\/decouvrir\/les-moyens-de-decouverte\/a-pied,1,1,849.php\" target=\"_blank\">82.5kms of coastal tracks<\/a>, its <a href=\"http:\/\/www.bretagne-vivante.org\/component\/option,com_map\/task,viewCard\/crd_id,610\/\" target=\"_blank\">ornithological reserve<\/a>, its biodiversity, its gardens to visit\u2026<\/p>\n<h2>Sports<\/h2>\n<p>You can bike, hike, play golf on one of the most spectacular <a title=\"Golf de Belle-\u00cele-en-Mer\" href=\"http:\/\/www.golf-belleile.com\" target=\"_blank\">golf<\/a> clubs in France (located at the northernmost point of the island, Pointe des Poulains), kayak, surf, sail, dive, fish, play tennis, parachute jump, and now even <a href=\"http:\/\/www.belleile-aventure.com\" target=\"_blank\">tree park<\/a>\u2026 <\/p>\n<h2>Culture<\/h2>\n<p><a href=\"http:\/\/www.citadellevauban.com\" target=\"_blank\">Citadelle Vauban<\/a> is a must do. You may also visit the <a href=\"http:\/\/voyage.michelin.fr\/web\/destination\/France-Bretagne\/site-Le_musee_de_Sarah_Bernhardt-Pointe_des_Poulains\" target=\"_blank\">Sarah Bernhardt museum<\/a> as well as the galleries and workshops of local artists and craftsmen: glass blowers, painters, photographers, woodworkers, jewellers, sculptors \u2026<br \/>\nNumerous festivals provide all year round animation to the island.<\/p>\n<h2>Tranquillity<\/h2>\n<p>If you enjoy piece and quite, there are still here numerous creeks and remote countryside coves allowing you to feel \u2018alone in the world\u2019.<\/p>\n<h2>Gastronomy<\/h2>\n<p>You will enjoy the large offer of creperies and the local and varied cuisine restaurants. You will also find local products from local companies such as the <a title=\"Biscuiterie La Bien Nomm\u00e9e - Belle-Ile-en-Mer\" href=\"http:\/\/www.labiennommee.com\/\" target=\"_blank\">biscuit factory<\/a>, brewery, local honeys and chocolate craft, market growers \u2026<\/p>\n<h2>Sun<\/h2>\n<p>If you enjoy the sun, contrary to common belief, Belle-Ile has a proportion of sunlight very close to that found in southern France!<\/p>\n<p>We are at your service to help you discover Belle-Ile!<\/p>\n","protected":false},"excerpt":{"rendered":"<p>Belle-Ile, La Bien Nomm\u00e9e\u2026 so true! For its landscapes, its colours and contrasts, for its preserved authenticity, Belle-Ile is a choice destination for tourism. Nature You will be fascinated by the island, with its 82.5kms of coastal tracks, its ornithological reserve, its biodiversity, its gardens to visit\u2026 Sports You can\u2026<\/p>\n<p class=\"continue-reading-button\"> <a class=\"continue-reading-link\" href=\"https:\/\/villapenprad.com\/en\/tourism-our-favourite-places\/\">Continue reading<i class=\"crycon-right-dir\"><\/i><\/a><\/p>\n","protected":false},"author":1,"featured_media":0,"parent":0,"menu_order":0,"comment_status":"closed","ping_status":"closed","template":"","meta":{"_monsterinsights_skip_tracking":false,"_monsterinsights_sitenote_active":false,"_monsterinsights_sitenote_note":"","_monsterinsights_sitenote_category":0},"yoast_head":"<!-- This site is optimized with the Yoast SEO plugin v20.11 - https:\/\/yoast.com\/wordpress\/plugins\/seo\/ -->\n<title>Tourism: our favourite places - Villa Pen Prad<\/title>\n<meta name=\"robots\" content=\"index, follow, max-snippet:-1, max-image-preview:large, max-video-preview:-1\" \/>\n<link rel=\"canonical\" href=\"https:\/\/villapenprad.com\/en\/tourism-our-favourite-places\/\" \/>\n<meta property=\"og:locale\" content=\"en_US\" \/>\n<meta property=\"og:type\" content=\"article\" \/>\n<meta property=\"og:title\" content=\"Tourism: our favourite places - Villa Pen Prad\" \/>\n<meta property=\"og:description\" content=\"Belle-Ile, La Bien Nomm\u00e9e\u2026 so true! For its landscapes, its colours and contrasts, for its preserved authenticity, Belle-Ile is a choice destination for tourism. Nature You will be fascinated by the island, with its 82.5kms of coastal tracks, its ornithological reserve, its biodiversity, its gardens to visit\u2026 Sports You can\u2026 Continue reading\" \/>\n<meta property=\"og:url\" content=\"https:\/\/villapenprad.com\/en\/tourism-our-favourite-places\/\" \/>\n<meta property=\"og:site_name\" content=\"Villa Pen Prad\" \/>\n<meta property=\"og:image\" content=\"https:\/\/villapenprad.com\/wp-content\/uploads\/Tourisme_Belle_Ile_Villa_Pen_Prad_9-150x150.jpg\" \/>\n<meta name=\"twitter:label1\" content=\"Est. reading time\" \/>\n\t<meta name=\"twitter:data1\" content=\"1 minute\" \/>\n<script type=\"application\/ld+json\" class=\"yoast-schema-graph\">{\"@context\":\"https:\/\/schema.org\",\"@graph\":[{\"@type\":\"WebPage\",\"@id\":\"https:\/\/villapenprad.com\/en\/tourism-our-favourite-places\/\",\"url\":\"https:\/\/villapenprad.com\/en\/tourism-our-favourite-places\/\",\"name\":\"Tourism: our favourite places - Villa Pen Prad\",\"isPartOf\":{\"@id\":\"https:\/\/villapenprad.com\/#website\"},\"datePublished\":\"2015-03-25T23:06:42+00:00\",\"dateModified\":\"2015-03-25T23:06:42+00:00\",\"breadcrumb\":{\"@id\":\"https:\/\/villapenprad.com\/en\/tourism-our-favourite-places\/#breadcrumb\"},\"inLanguage\":\"en-US\",\"potentialAction\":[{\"@type\":\"ReadAction\",\"target\":[\"https:\/\/villapenprad.com\/en\/tourism-our-favourite-places\/\"]}]},{\"@type\":\"BreadcrumbList\",\"@id\":\"https:\/\/villapenprad.com\/en\/tourism-our-favourite-places\/#breadcrumb\",\"itemListElement\":[{\"@type\":\"ListItem\",\"position\":1,\"name\":\"Home\",\"item\":\"https:\/\/villapenprad.com\/\"},{\"@type\":\"ListItem\",\"position\":2,\"name\":\"Tourism: our favourite places\"}]},{\"@type\":\"WebSite\",\"@id\":\"https:\/\/villapenprad.com\/#website\",\"url\":\"https:\/\/villapenprad.com\/\",\"name\":\"Villa Pen Prad\",\"description\":\"Location de chambres d&#039;h\u00f4tes \u00e0 Belle-\u00eele-en-mer\",\"potentialAction\":[{\"@type\":\"SearchAction\",\"target\":{\"@type\":\"EntryPoint\",\"urlTemplate\":\"https:\/\/villapenprad.com\/?s={search_term_string}\"},\"query-input\":\"required name=search_term_string\"}],\"inLanguage\":\"en-US\"}]}<\/script>\n<!-- \/ Yoast SEO plugin. -->","yoast_head_json":{"title":"Tourism: our favourite places - Villa Pen Prad","robots":{"index":"index","follow":"follow","max-snippet":"max-snippet:-1","max-image-preview":"max-image-preview:large","max-video-preview":"max-video-preview:-1"},"canonical":"https:\/\/villapenprad.com\/en\/tourism-our-favourite-places\/","og_locale":"en_US","og_type":"article","og_title":"Tourism: our favourite places - Villa Pen Prad","og_description":"Belle-Ile, La Bien Nomm\u00e9e\u2026 so true! For its landscapes, its colours and contrasts, for its preserved authenticity, Belle-Ile is a choice destination for tourism. Nature You will be fascinated by the island, with its 82.5kms of coastal tracks, its ornithological reserve, its biodiversity, its gardens to visit\u2026 Sports You can\u2026 Continue reading","og_url":"https:\/\/villapenprad.com\/en\/tourism-our-favourite-places\/","og_site_name":"Villa Pen Prad","og_image":[{"url":"https:\/\/villapenprad.com\/wp-content\/uploads\/Tourisme_Belle_Ile_Villa_Pen_Prad_9-150x150.jpg"}],"twitter_misc":{"Est. reading time":"1 minute"},"schema":{"@context":"https:\/\/schema.org","@graph":[{"@type":"WebPage","@id":"https:\/\/villapenprad.com\/en\/tourism-our-favourite-places\/","url":"https:\/\/villapenprad.com\/en\/tourism-our-favourite-places\/","name":"Tourism: our favourite places - Villa Pen Prad","isPartOf":{"@id":"https:\/\/villapenprad.com\/#website"},"datePublished":"2015-03-25T23:06:42+00:00","dateModified":"2015-03-25T23:06:42+00:00","breadcrumb":{"@id":"https:\/\/villapenprad.com\/en\/tourism-our-favourite-places\/#breadcrumb"},"inLanguage":"en-US","potentialAction":[{"@type":"ReadAction","target":["https:\/\/villapenprad.com\/en\/tourism-our-favourite-places\/"]}]},{"@type":"BreadcrumbList","@id":"https:\/\/villapenprad.com\/en\/tourism-our-favourite-places\/#breadcrumb","itemListElement":[{"@type":"ListItem","position":1,"name":"Home","item":"https:\/\/villapenprad.com\/"},{"@type":"ListItem","position":2,"name":"Tourism: our favourite places"}]},{"@type":"WebSite","@id":"https:\/\/villapenprad.com\/#website","url":"https:\/\/villapenprad.com\/","name":"Villa Pen Prad","description":"Location de chambres d&#039;h\u00f4tes \u00e0 Belle-\u00eele-en-mer","potentialAction":[{"@type":"SearchAction","target":{"@type":"EntryPoint","urlTemplate":"https:\/\/villapenprad.com\/?s={search_term_string}"},"query-input":"required name=search_term_string"}],"inLanguage":"en-US"}]}},"_links":{"self":[{"href":"https:\/\/villapenprad.com\/en\/wp-json\/wp\/v2\/pages\/746"}],"collection":[{"href":"https:\/\/villapenprad.com\/en\/wp-json\/wp\/v2\/pages"}],"about":[{"href":"https:\/\/villapenprad.com\/en\/wp-json\/wp\/v2\/types\/page"}],"author":[{"embeddable":true,"href":"https:\/\/villapenprad.com\/en\/wp-json\/wp\/v2\/users\/1"}],"replies":[{"embeddable":true,"href":"https:\/\/villapenprad.com\/en\/wp-json\/wp\/v2\/comments?post=746"}],"version-history":[{"count":1,"href":"https:\/\/villapenprad.com\/en\/wp-json\/wp\/v2\/pages\/746\/revisions"}],"predecessor-version":[{"id":747,"href":"https:\/\/villapenprad.com\/en\/wp-json\/wp\/v2\/pages\/746\/revisions\/747"}],"wp:attachment":[{"href":"https:\/\/villapenprad.com\/en\/wp-json\/wp\/v2\/media?parent=746"}],"curies":[{"name":"wp","href":"https:\/\/api.w.org\/{rel}","templated":true}]}}