{"id":744,"date":"2015-03-26T00:00:56","date_gmt":"2015-03-25T23:00:56","guid":{"rendered":"http:\/\/villapenprad.com\/?page_id=744"},"modified":"2015-03-26T00:00:56","modified_gmt":"2015-03-25T23:00:56","slug":"location","status":"publish","type":"page","link":"https:\/\/villapenprad.com\/en\/location\/","title":{"rendered":"Location"},"content":{"rendered":"\n\t\t<style type=\"text\/css\">\n\t\t\t#gallery-1 {\n\t\t\t\tmargin: auto;\n\t\t\t}\n\t\t\t#gallery-1 .gallery-item {\n\t\t\t\tfloat: left;\n\t\t\t\tmargin-top: 10px;\n\t\t\t\ttext-align: center;\n\t\t\t\twidth: 25%;\n\t\t\t}\n\t\t\t#gallery-1 img {\n\t\t\t\tborder: 2px solid #cfcfcf;\n\t\t\t}\n\t\t\t#gallery-1 .gallery-caption {\n\t\t\t\tmargin-left: 0;\n\t\t\t}\n\t\t\t\/* see gallery_shortcode() in wp-includes\/media.php *\/\n\t\t<\/style>\n\t\t<div id='gallery-1' class='gallery galleryid-744 gallery-columns-4 gallery-size-thumbnail'><dl class='gallery-item'>\n\t\t\t<dt class='gallery-icon portrait'>\n\t\t\t\t<a href='https:\/\/villapenprad.com\/wp-content\/uploads\/Cadre_VIlla_Pen_Prad_1.jpg' title=\"\" data-rl_title=\"\" class=\"rl-gallery-link\" data-rl_caption=\"\" data-rel=\"lightbox-gallery-1\"><img width=\"150\" height=\"150\" src=\"https:\/\/villapenprad.com\/wp-content\/uploads\/Cadre_VIlla_Pen_Prad_1-150x150.jpg\" class=\"attachment-thumbnail size-thumbnail\" alt=\"\" decoding=\"async\" loading=\"lazy\" \/><\/a>\n\t\t\t<\/dt><\/dl><dl class='gallery-item'>\n\t\t\t<dt class='gallery-icon portrait'>\n\t\t\t\t<a href='https:\/\/villapenprad.com\/wp-content\/uploads\/Cadre_VIlla_Pen_Prad_7.jpg' title=\"\" data-rl_title=\"\" class=\"rl-gallery-link\" data-rl_caption=\"\" data-rel=\"lightbox-gallery-1\"><img width=\"150\" height=\"150\" src=\"https:\/\/villapenprad.com\/wp-content\/uploads\/Cadre_VIlla_Pen_Prad_7-150x150.jpg\" class=\"attachment-thumbnail size-thumbnail\" alt=\"\" decoding=\"async\" loading=\"lazy\" \/><\/a>\n\t\t\t<\/dt><\/dl><dl class='gallery-item'>\n\t\t\t<dt class='gallery-icon landscape'>\n\t\t\t\t<a href='https:\/\/villapenprad.com\/wp-content\/uploads\/Emplacement_Villa_Pen_Prad_2.jpg' title=\"\" data-rl_title=\"\" class=\"rl-gallery-link\" data-rl_caption=\"\" data-rel=\"lightbox-gallery-1\"><img width=\"150\" height=\"150\" src=\"https:\/\/villapenprad.com\/wp-content\/uploads\/Emplacement_Villa_Pen_Prad_2-150x150.jpg\" class=\"attachment-thumbnail size-thumbnail\" alt=\"\" decoding=\"async\" loading=\"lazy\" \/><\/a>\n\t\t\t<\/dt><\/dl><dl class='gallery-item'>\n\t\t\t<dt class='gallery-icon landscape'>\n\t\t\t\t<a href='https:\/\/villapenprad.com\/wp-content\/uploads\/Cadre_VIlla_Pen_Prad_9.jpg' title=\"\" data-rl_title=\"\" class=\"rl-gallery-link\" data-rl_caption=\"\" data-rel=\"lightbox-gallery-1\"><img width=\"150\" height=\"150\" src=\"https:\/\/villapenprad.com\/wp-content\/uploads\/Cadre_VIlla_Pen_Prad_9-150x150.jpg\" class=\"attachment-thumbnail size-thumbnail\" alt=\"\" decoding=\"async\" loading=\"lazy\" \/><\/a>\n\t\t\t<\/dt><\/dl><br style=\"clear: both\" \/><dl class='gallery-item'>\n\t\t\t<dt class='gallery-icon landscape'>\n\t\t\t\t<a href='https:\/\/villapenprad.com\/wp-content\/uploads\/Cadre_VIlla_Pen_Prad_6.jpg' title=\"\" data-rl_title=\"\" class=\"rl-gallery-link\" data-rl_caption=\"\" data-rel=\"lightbox-gallery-1\"><img width=\"150\" height=\"150\" src=\"https:\/\/villapenprad.com\/wp-content\/uploads\/Cadre_VIlla_Pen_Prad_6-150x150.jpg\" class=\"attachment-thumbnail size-thumbnail\" alt=\"\" decoding=\"async\" loading=\"lazy\" \/><\/a>\n\t\t\t<\/dt><\/dl><dl class='gallery-item'>\n\t\t\t<dt class='gallery-icon landscape'>\n\t\t\t\t<a href='https:\/\/villapenprad.com\/wp-content\/uploads\/Cadre_VIlla_Pen_Prad_5.jpg' title=\"\" data-rl_title=\"\" class=\"rl-gallery-link\" data-rl_caption=\"\" data-rel=\"lightbox-gallery-1\"><img width=\"150\" height=\"150\" src=\"https:\/\/villapenprad.com\/wp-content\/uploads\/Cadre_VIlla_Pen_Prad_5-150x150.jpg\" class=\"attachment-thumbnail size-thumbnail\" alt=\"\" decoding=\"async\" loading=\"lazy\" \/><\/a>\n\t\t\t<\/dt><\/dl><dl class='gallery-item'>\n\t\t\t<dt class='gallery-icon portrait'>\n\t\t\t\t<a href='https:\/\/villapenprad.com\/wp-content\/uploads\/Cadre_VIlla_Pen_Prad_8.jpg' title=\"\" data-rl_title=\"\" class=\"rl-gallery-link\" data-rl_caption=\"\" data-rel=\"lightbox-gallery-1\"><img width=\"150\" height=\"150\" src=\"https:\/\/villapenprad.com\/wp-content\/uploads\/Cadre_VIlla_Pen_Prad_8-150x150.jpg\" class=\"attachment-thumbnail size-thumbnail\" alt=\"\" decoding=\"async\" loading=\"lazy\" \/><\/a>\n\t\t\t<\/dt><\/dl><dl class='gallery-item'>\n\t\t\t<dt class='gallery-icon landscape'>\n\t\t\t\t<a href='https:\/\/villapenprad.com\/wp-content\/uploads\/Cadre_VIlla_Pen_Prad_4.jpg' title=\"\" data-rl_title=\"\" class=\"rl-gallery-link\" data-rl_caption=\"\" data-rel=\"lightbox-gallery-1\"><img width=\"150\" height=\"150\" src=\"https:\/\/villapenprad.com\/wp-content\/uploads\/Cadre_VIlla_Pen_Prad_4-150x150.jpg\" class=\"attachment-thumbnail size-thumbnail\" alt=\"\" decoding=\"async\" loading=\"lazy\" \/><\/a>\n\t\t\t<\/dt><\/dl><br style=\"clear: both\" \/><dl class='gallery-item'>\n\t\t\t<dt class='gallery-icon landscape'>\n\t\t\t\t<a href='https:\/\/villapenprad.com\/wp-content\/uploads\/Cadre_VIlla_Pen_Prad_3.jpg' title=\"\" data-rl_title=\"\" class=\"rl-gallery-link\" data-rl_caption=\"\" data-rel=\"lightbox-gallery-1\"><img width=\"150\" height=\"150\" src=\"https:\/\/villapenprad.com\/wp-content\/uploads\/Cadre_VIlla_Pen_Prad_3-150x150.jpg\" class=\"attachment-thumbnail size-thumbnail\" alt=\"\" decoding=\"async\" loading=\"lazy\" \/><\/a>\n\t\t\t<\/dt><\/dl><dl class='gallery-item'>\n\t\t\t<dt class='gallery-icon landscape'>\n\t\t\t\t<a href='https:\/\/villapenprad.com\/wp-content\/uploads\/Cadre_VIlla_Pen_Prad_2.jpg' title=\"\" data-rl_title=\"\" class=\"rl-gallery-link\" data-rl_caption=\"\" data-rel=\"lightbox-gallery-1\"><img width=\"150\" height=\"150\" src=\"https:\/\/villapenprad.com\/wp-content\/uploads\/Cadre_VIlla_Pen_Prad_2-150x150.jpg\" class=\"attachment-thumbnail size-thumbnail\" alt=\"\" decoding=\"async\" loading=\"lazy\" \/><\/a>\n\t\t\t<\/dt><\/dl><dl class='gallery-item'>\n\t\t\t<dt class='gallery-icon portrait'>\n\t\t\t\t<a href='https:\/\/villapenprad.com\/wp-content\/uploads\/Cadre_VIlla_Pen_Prad_10.jpg' title=\"\" data-rl_title=\"\" class=\"rl-gallery-link\" data-rl_caption=\"\" data-rel=\"lightbox-gallery-1\"><img width=\"150\" height=\"150\" src=\"https:\/\/villapenprad.com\/wp-content\/uploads\/Cadre_VIlla_Pen_Prad_10-150x150.jpg\" class=\"attachment-thumbnail size-thumbnail\" alt=\"\" decoding=\"async\" loading=\"lazy\" \/><\/a>\n\t\t\t<\/dt><\/dl><dl class='gallery-item'>\n\t\t\t<dt class='gallery-icon landscape'>\n\t\t\t\t<a href='https:\/\/villapenprad.com\/wp-content\/uploads\/Emplacement_Villa_Pen_Prad_1.jpg' title=\"\" data-rl_title=\"\" class=\"rl-gallery-link\" data-rl_caption=\"\" data-rel=\"lightbox-gallery-1\"><img width=\"150\" height=\"150\" src=\"https:\/\/villapenprad.com\/wp-content\/uploads\/Emplacement_Villa_Pen_Prad_1-150x150.jpg\" class=\"attachment-thumbnail size-thumbnail\" alt=\"\" decoding=\"async\" loading=\"lazy\" \/><\/a>\n\t\t\t<\/dt><\/dl><br style=\"clear: both\" \/>\n\t\t<\/div>\n\n<p>Villa Pen Prad, a site of exception in Sauzon, Belle-\u00eele-en-mer<\/p>\n<p>Villa Pen Prad is located in the heart of Sauzon Port.<br \/>\nSauzon is a picturesque fishing and sailing port, famous for its charm and authenticity, on the northern side of Belle-Ile-en-mer in the Morbihan.<br \/>\nOur guest-house\u2019s exceptional position gives access to all local stores and restaurants of the port on foot.<br \/>\nYou will find in the vicinity bakeries, newsstands, bike rentals, bars, restaurants, creperies, fresh fish sold on the docks, dairies etc.<\/p>\n<h5>Address of our Guest-House in Belle-\u00cele:<\/h5>\n<p style=\"padding-left: 30px;\">Villa Pen Prad<br \/>\nRue du Chemin Neuf<br \/>\n56360 Sauzon<br \/>\nFrance<\/p>\n<p><iframe loading=\"lazy\" src=\"https:\/\/local.google.fr\/maps?f=q&amp;source=s_q&amp;hl=fr&amp;geocode=&amp;q=Rue+du+Chemin+Neuf,+Sauzon&amp;aq=0&amp;oq=rue+du+chemin+neuf,+&amp;sll=50.529025,3.160487&amp;sspn=1.857812,5.410767&amp;t=h&amp;ie=UTF8&amp;hq=&amp;hnear=Rue+du+Chemin+Neuf,+56360+Sauzon,+Morbihan,+Bretagne&amp;ll=47.372518,-3.21732&amp;spn=0.010172,0.025749&amp;z=15&amp;output=embed\" width=\"600\" height=\"350\" frameborder=\"0\" marginwidth=\"0\" marginheight=\"0\" scrolling=\"no\"><\/iframe><br \/>\n<small><a style=\"color: #0000ff; text-align: left;\" href=\"https:\/\/local.google.fr\/maps?f=q&amp;source=embed&amp;hl=fr&amp;geocode=&amp;q=Rue+du+Chemin+Neuf,+Sauzon&amp;aq=0&amp;oq=rue+du+chemin+neuf,+&amp;sll=50.529025,3.160487&amp;sspn=1.857812,5.410767&amp;t=h&amp;ie=UTF8&amp;hq=&amp;hnear=Rue+du+Chemin+Neuf,+56360+Sauzon,+Morbihan,+Bretagne&amp;ll=47.372518,-3.21732&amp;spn=0.010172,0.025749&amp;z=15\">Zoom on map<\/a><\/small><\/p>\n<h5>Getting there by Ferry from Quiberon<\/h5>\n<p>Ferry crossings from the mainland set-off from Port-Maria, Quiberon.<br \/>\nThe crossing to Le Palais lasts 45 minutes.<br \/>\nIn summer, some crossings are direct to Sauzon<br \/>\nRemember to book your ferry crossings in advance, particularly during the busy summer season.<br \/>\nThere are two operators from Quiberon:<\/p>\n<ul>\n<li>Compagnie Oc\u00e9ane (foot passengers and vehicles) <a href=\"http:\/\/www.compagnie-oceane.fr\">http:\/\/www.compagnie-oceane.fr<\/a><\/li>\n<li>Compagnie des \u00eeles (foot passengers only) : <a href=\"http:\/\/www.navix.fr\">http:\/\/www.navix.fr<\/a><\/li>\n<\/ul>\n<h5>Getting to Quiberon<\/h5>\n<h6>By train<\/h6>\n<p>Hop off the train at directly in Quiberon (summer only via the \u2018Tire-Bouchon\u2019 \u2013 rural train service) and walk down to the port. Or from Auray use one of the connecting coach routes that will take you to the ferry port in Port-Maria, Quiberon.<\/p>\n<h6>By car<\/h6>\n<p>If you wish to use your car on the island, book it on the ferry all the way to Belle-Ile.<br \/>\nIf you prefer to leave it on the mainland, the \u2018Semaphore\u2019 car-park (+33 2 97 30 59 45) at the entrance of Quiberon runs a shuttle service to the ferry port.<br \/>\nIn any case, be at the ferry terminal 45 minutes before your scheduled crossing.<\/p>\n<h5>In Belle-\u00eele, from Le Palais to Sauzon<\/h5>\n<p>Bus services, taxis, car or scooter and bike rentals are available in Le Palais to make your way to Sauzon:<\/p>\n<ul>\n<li>Bus \u00ab Taol Mor \u00bb (Timetables by contacting +33 2 97 31 81 88 or  www.cars-verts.fr)<\/li>\n<li>Taxis :\n<ul>\n<li>Taxi Jos\u00e9 Gu\u00e9gan : +33 2 97 31 86 33 or +33 6 71 64 28 71<\/li>\n<li>Taxi Margely : +33 2 97 31 50 81 or +33 6 07 66 36 57<\/li>\n<li>Taxi Passat : +33 2 97 31 58 22 or  +33 6 82 10 34 22<\/li>\n<li>Taxi Pallas :  +33 6 85 51 28 75<\/li>\n<\/ul>\n<\/li>\n<li>Car Rental :\n<ul>\n<li>Locatourisle : +33 2 97 31 83 56<\/li>\n<li>Belle Ile Auto : +33 2 97 31 30 93<\/li>\n<li>LMT Car Bike : +33 2 97 31 46 46<\/li>\n<\/ul>\n<\/li>\n<\/ul>\n<h5>By plane<\/h5>\n<p>Finally if you plan on flying to Belle-Ile, land at the local airfield \u2018Aerodrome de Belle-Ile\u2019 (LFEA), we will be able to greet you as you disembark from the plane (Belle-Ile airfield: 02 97 31 83 09).<\/p>\n<p>Of course, do not hesitate to contact us to organise your trip, we will very happily answer your questions and expectations.<br \/>\nTourist office website: <a href=\"http:\/\/www.belle-ile.com\">www.belle-ile.com<\/a><\/p>\n","protected":false},"excerpt":{"rendered":"<p>Villa Pen Prad, a site of exception in Sauzon, Belle-\u00eele-en-mer Villa Pen Prad is located in the heart of Sauzon Port. Sauzon is a picturesque fishing and sailing port, famous for its charm and authenticity, on the northern side of Belle-Ile-en-mer in the Morbihan. Our guest-house\u2019s exceptional position gives access\u2026<\/p>\n<p class=\"continue-reading-button\"> <a class=\"continue-reading-link\" href=\"https:\/\/villapenprad.com\/en\/location\/\">Continue reading<i class=\"crycon-right-dir\"><\/i><\/a><\/p>\n","protected":false},"author":1,"featured_media":0,"parent":0,"menu_order":0,"comment_status":"closed","ping_status":"closed","template":"","meta":{"_monsterinsights_skip_tracking":false,"_monsterinsights_sitenote_active":false,"_monsterinsights_sitenote_note":"","_monsterinsights_sitenote_category":0},"yoast_head":"<!-- This site is optimized with the Yoast SEO plugin v20.11 - https:\/\/yoast.com\/wordpress\/plugins\/seo\/ -->\n<title>Location - Villa Pen Prad<\/title>\n<meta name=\"robots\" content=\"index, follow, max-snippet:-1, max-image-preview:large, max-video-preview:-1\" \/>\n<link rel=\"canonical\" href=\"https:\/\/villapenprad.com\/en\/location\/\" \/>\n<meta property=\"og:locale\" content=\"en_US\" \/>\n<meta property=\"og:type\" content=\"article\" \/>\n<meta property=\"og:title\" content=\"Location - Villa Pen Prad\" \/>\n<meta property=\"og:description\" content=\"Villa Pen Prad, a site of exception in Sauzon, Belle-\u00eele-en-mer Villa Pen Prad is located in the heart of Sauzon Port. Sauzon is a picturesque fishing and sailing port, famous for its charm and authenticity, on the northern side of Belle-Ile-en-mer in the Morbihan. Our guest-house\u2019s exceptional position gives access\u2026 Continue reading\" \/>\n<meta property=\"og:url\" content=\"https:\/\/villapenprad.com\/en\/location\/\" \/>\n<meta property=\"og:site_name\" content=\"Villa Pen Prad\" \/>\n<meta property=\"og:image\" content=\"https:\/\/villapenprad.com\/wp-content\/uploads\/Cadre_VIlla_Pen_Prad_1-150x150.jpg\" \/>\n<meta name=\"twitter:label1\" content=\"Est. reading time\" \/>\n\t<meta name=\"twitter:data1\" content=\"2 minutes\" \/>\n<script type=\"application\/ld+json\" class=\"yoast-schema-graph\">{\"@context\":\"https:\/\/schema.org\",\"@graph\":[{\"@type\":\"WebPage\",\"@id\":\"https:\/\/villapenprad.com\/en\/location\/\",\"url\":\"https:\/\/villapenprad.com\/en\/location\/\",\"name\":\"Location - Villa Pen Prad\",\"isPartOf\":{\"@id\":\"https:\/\/villapenprad.com\/#website\"},\"datePublished\":\"2015-03-25T23:00:56+00:00\",\"dateModified\":\"2015-03-25T23:00:56+00:00\",\"breadcrumb\":{\"@id\":\"https:\/\/villapenprad.com\/en\/location\/#breadcrumb\"},\"inLanguage\":\"en-US\",\"potentialAction\":[{\"@type\":\"ReadAction\",\"target\":[\"https:\/\/villapenprad.com\/en\/location\/\"]}]},{\"@type\":\"BreadcrumbList\",\"@id\":\"https:\/\/villapenprad.com\/en\/location\/#breadcrumb\",\"itemListElement\":[{\"@type\":\"ListItem\",\"position\":1,\"name\":\"Home\",\"item\":\"https:\/\/villapenprad.com\/\"},{\"@type\":\"ListItem\",\"position\":2,\"name\":\"Location\"}]},{\"@type\":\"WebSite\",\"@id\":\"https:\/\/villapenprad.com\/#website\",\"url\":\"https:\/\/villapenprad.com\/\",\"name\":\"Villa Pen Prad\",\"description\":\"Location de chambres d&#039;h\u00f4tes \u00e0 Belle-\u00eele-en-mer\",\"potentialAction\":[{\"@type\":\"SearchAction\",\"target\":{\"@type\":\"EntryPoint\",\"urlTemplate\":\"https:\/\/villapenprad.com\/?s={search_term_string}\"},\"query-input\":\"required name=search_term_string\"}],\"inLanguage\":\"en-US\"}]}<\/script>\n<!-- \/ Yoast SEO plugin. -->","yoast_head_json":{"title":"Location - Villa Pen Prad","robots":{"index":"index","follow":"follow","max-snippet":"max-snippet:-1","max-image-preview":"max-image-preview:large","max-video-preview":"max-video-preview:-1"},"canonical":"https:\/\/villapenprad.com\/en\/location\/","og_locale":"en_US","og_type":"article","og_title":"Location - Villa Pen Prad","og_description":"Villa Pen Prad, a site of exception in Sauzon, Belle-\u00eele-en-mer Villa Pen Prad is located in the heart of Sauzon Port. Sauzon is a picturesque fishing and sailing port, famous for its charm and authenticity, on the northern side of Belle-Ile-en-mer in the Morbihan. Our guest-house\u2019s exceptional position gives access\u2026 Continue reading","og_url":"https:\/\/villapenprad.com\/en\/location\/","og_site_name":"Villa Pen Prad","og_image":[{"url":"https:\/\/villapenprad.com\/wp-content\/uploads\/Cadre_VIlla_Pen_Prad_1-150x150.jpg"}],"twitter_misc":{"Est. reading time":"2 minutes"},"schema":{"@context":"https:\/\/schema.org","@graph":[{"@type":"WebPage","@id":"https:\/\/villapenprad.com\/en\/location\/","url":"https:\/\/villapenprad.com\/en\/location\/","name":"Location - Villa Pen Prad","isPartOf":{"@id":"https:\/\/villapenprad.com\/#website"},"datePublished":"2015-03-25T23:00:56+00:00","dateModified":"2015-03-25T23:00:56+00:00","breadcrumb":{"@id":"https:\/\/villapenprad.com\/en\/location\/#breadcrumb"},"inLanguage":"en-US","potentialAction":[{"@type":"ReadAction","target":["https:\/\/villapenprad.com\/en\/location\/"]}]},{"@type":"BreadcrumbList","@id":"https:\/\/villapenprad.com\/en\/location\/#breadcrumb","itemListElement":[{"@type":"ListItem","position":1,"name":"Home","item":"https:\/\/villapenprad.com\/"},{"@type":"ListItem","position":2,"name":"Location"}]},{"@type":"WebSite","@id":"https:\/\/villapenprad.com\/#website","url":"https:\/\/villapenprad.com\/","name":"Villa Pen Prad","description":"Location de chambres d&#039;h\u00f4tes \u00e0 Belle-\u00eele-en-mer","potentialAction":[{"@type":"SearchAction","target":{"@type":"EntryPoint","urlTemplate":"https:\/\/villapenprad.com\/?s={search_term_string}"},"query-input":"required name=search_term_string"}],"inLanguage":"en-US"}]}},"_links":{"self":[{"href":"https:\/\/villapenprad.com\/en\/wp-json\/wp\/v2\/pages\/744"}],"collection":[{"href":"https:\/\/villapenprad.com\/en\/wp-json\/wp\/v2\/pages"}],"about":[{"href":"https:\/\/villapenprad.com\/en\/wp-json\/wp\/v2\/types\/page"}],"author":[{"embeddable":true,"href":"https:\/\/villapenprad.com\/en\/wp-json\/wp\/v2\/users\/1"}],"replies":[{"embeddable":true,"href":"https:\/\/villapenprad.com\/en\/wp-json\/wp\/v2\/comments?post=744"}],"version-history":[{"count":1,"href":"https:\/\/villapenprad.com\/en\/wp-json\/wp\/v2\/pages\/744\/revisions"}],"predecessor-version":[{"id":745,"href":"https:\/\/villapenprad.com\/en\/wp-json\/wp\/v2\/pages\/744\/revisions\/745"}],"wp:attachment":[{"href":"https:\/\/villapenprad.com\/en\/wp-json\/wp\/v2\/media?parent=744"}],"curies":[{"name":"wp","href":"https:\/\/api.w.org\/{rel}","templated":true}]}}