{"id":736,"date":"2015-03-25T23:47:02","date_gmt":"2015-03-25T22:47:02","guid":{"rendered":"http:\/\/villapenprad.com\/?page_id=736"},"modified":"2015-04-05T08:41:33","modified_gmt":"2015-04-05T07:41:33","slug":"acadie-suite","status":"publish","type":"page","link":"https:\/\/villapenprad.com\/en\/acadie-suite\/","title":{"rendered":"Acadie Suite"},"content":{"rendered":"\n\t\t<style type=\"text\/css\">\n\t\t\t#gallery-1 {\n\t\t\t\tmargin: auto;\n\t\t\t}\n\t\t\t#gallery-1 .gallery-item {\n\t\t\t\tfloat: left;\n\t\t\t\tmargin-top: 10px;\n\t\t\t\ttext-align: center;\n\t\t\t\twidth: 25%;\n\t\t\t}\n\t\t\t#gallery-1 img {\n\t\t\t\tborder: 2px solid #cfcfcf;\n\t\t\t}\n\t\t\t#gallery-1 .gallery-caption {\n\t\t\t\tmargin-left: 0;\n\t\t\t}\n\t\t\t\/* see gallery_shortcode() in wp-includes\/media.php *\/\n\t\t<\/style>\n\t\t<div id='gallery-1' class='gallery galleryid-736 gallery-columns-4 gallery-size-thumbnail'><dl class='gallery-item'>\n\t\t\t<dt class='gallery-icon landscape'>\n\t\t\t\t<a href='https:\/\/villapenprad.com\/wp-content\/uploads\/Suite_Acadie_Villa_Pen_Prad_8.jpg' title=\"\" data-rl_title=\"\" class=\"rl-gallery-link\" data-rl_caption=\"\" data-rel=\"lightbox-gallery-1\"><img width=\"150\" height=\"150\" src=\"https:\/\/villapenprad.com\/wp-content\/uploads\/Suite_Acadie_Villa_Pen_Prad_8-150x150.jpg\" class=\"attachment-thumbnail size-thumbnail\" alt=\"\" decoding=\"async\" loading=\"lazy\" \/><\/a>\n\t\t\t<\/dt><\/dl><dl class='gallery-item'>\n\t\t\t<dt class='gallery-icon landscape'>\n\t\t\t\t<a href='https:\/\/villapenprad.com\/wp-content\/uploads\/Suite_Acadie_Villa_Pen_Prad_7.jpg' title=\"\" data-rl_title=\"\" class=\"rl-gallery-link\" data-rl_caption=\"\" data-rel=\"lightbox-gallery-1\"><img width=\"150\" height=\"150\" src=\"https:\/\/villapenprad.com\/wp-content\/uploads\/Suite_Acadie_Villa_Pen_Prad_7-150x150.jpg\" class=\"attachment-thumbnail size-thumbnail\" alt=\"\" decoding=\"async\" loading=\"lazy\" \/><\/a>\n\t\t\t<\/dt><\/dl><dl class='gallery-item'>\n\t\t\t<dt class='gallery-icon landscape'>\n\t\t\t\t<a href='https:\/\/villapenprad.com\/wp-content\/uploads\/Suite_Acadie_Villa_Pen_Prad_9.jpg' title=\"\" data-rl_title=\"\" class=\"rl-gallery-link\" data-rl_caption=\"\" data-rel=\"lightbox-gallery-1\"><img width=\"150\" height=\"150\" src=\"https:\/\/villapenprad.com\/wp-content\/uploads\/Suite_Acadie_Villa_Pen_Prad_9-150x150.jpg\" class=\"attachment-thumbnail size-thumbnail\" alt=\"\" decoding=\"async\" loading=\"lazy\" \/><\/a>\n\t\t\t<\/dt><\/dl><dl class='gallery-item'>\n\t\t\t<dt class='gallery-icon landscape'>\n\t\t\t\t<a href='https:\/\/villapenprad.com\/wp-content\/uploads\/Suite-Acadie-Villa-Pen-Prad-4.jpg' title=\"\" data-rl_title=\"\" class=\"rl-gallery-link\" data-rl_caption=\"\" data-rel=\"lightbox-gallery-1\"><img width=\"150\" height=\"150\" src=\"https:\/\/villapenprad.com\/wp-content\/uploads\/Suite-Acadie-Villa-Pen-Prad-4-150x150.jpg\" class=\"attachment-thumbnail size-thumbnail\" alt=\"\" decoding=\"async\" loading=\"lazy\" \/><\/a>\n\t\t\t<\/dt><\/dl><br style=\"clear: both\" \/><dl class='gallery-item'>\n\t\t\t<dt class='gallery-icon landscape'>\n\t\t\t\t<a href='https:\/\/villapenprad.com\/wp-content\/uploads\/Suite-Acadie-Villa-Pen-Prad-6.jpg' title=\"\" data-rl_title=\"\" class=\"rl-gallery-link\" data-rl_caption=\"\" data-rel=\"lightbox-gallery-1\"><img width=\"150\" height=\"150\" src=\"https:\/\/villapenprad.com\/wp-content\/uploads\/Suite-Acadie-Villa-Pen-Prad-6-150x150.jpg\" class=\"attachment-thumbnail size-thumbnail\" alt=\"\" decoding=\"async\" loading=\"lazy\" \/><\/a>\n\t\t\t<\/dt><\/dl><dl class='gallery-item'>\n\t\t\t<dt class='gallery-icon portrait'>\n\t\t\t\t<a href='https:\/\/villapenprad.com\/wp-content\/uploads\/Suite_Acadie_1.jpg' title=\"\" data-rl_title=\"\" class=\"rl-gallery-link\" data-rl_caption=\"\" data-rel=\"lightbox-gallery-1\"><img width=\"150\" height=\"150\" src=\"https:\/\/villapenprad.com\/wp-content\/uploads\/Suite_Acadie_1-150x150.jpg\" class=\"attachment-thumbnail size-thumbnail\" alt=\"\" decoding=\"async\" loading=\"lazy\" \/><\/a>\n\t\t\t<\/dt><\/dl><dl class='gallery-item'>\n\t\t\t<dt class='gallery-icon landscape'>\n\t\t\t\t<a href='https:\/\/villapenprad.com\/wp-content\/uploads\/Suite_Acadie_Villa_Pen_Prad_10.jpg' title=\"\" data-rl_title=\"\" class=\"rl-gallery-link\" data-rl_caption=\"\" data-rel=\"lightbox-gallery-1\"><img width=\"150\" height=\"150\" src=\"https:\/\/villapenprad.com\/wp-content\/uploads\/Suite_Acadie_Villa_Pen_Prad_10-150x150.jpg\" class=\"attachment-thumbnail size-thumbnail\" alt=\"\" decoding=\"async\" loading=\"lazy\" \/><\/a>\n\t\t\t<\/dt><\/dl><dl class='gallery-item'>\n\t\t\t<dt class='gallery-icon portrait'>\n\t\t\t\t<a href='https:\/\/villapenprad.com\/wp-content\/uploads\/Suite-Acadie-Villa-Pen-Prad-3-e1394123741299.jpg' title=\"\" data-rl_title=\"\" class=\"rl-gallery-link\" data-rl_caption=\"\" data-rel=\"lightbox-gallery-1\"><img width=\"150\" height=\"150\" src=\"https:\/\/villapenprad.com\/wp-content\/uploads\/Suite-Acadie-Villa-Pen-Prad-3-e1394123741299-150x150.jpg\" class=\"attachment-thumbnail size-thumbnail\" alt=\"\" decoding=\"async\" loading=\"lazy\" \/><\/a>\n\t\t\t<\/dt><\/dl><br style=\"clear: both\" \/>\n\t\t<\/div>\n\n<p>Acadie Suite can accommodate up to 2 people, with a bedroom and its private lounge.<\/p>\n<p>This suite in smooth and modern colours is a truly peaceful haven. Located on the first floor, each of its 4 windows offers direct sea views. Charming and stunning! You will spend here a pleasant and relaxing holiday\u2026<\/p>\n<p>The room in details:<\/p>\n<ul>\n<li>A bedroom and its private lounge<\/li>\n<li>High quality bedding\/linens \u2013 1 bed in 160*200<\/li>\n<li>Exceptional views over the port and ria<\/li>\n<li>En-suite bathroom and toilets<\/li>\n<li>WIFI<\/li>\n<li>Landing<\/li>\n<\/ul>\n<p>Acadie Suite is available from 190\u20ac, breakfast included<\/p>\n","protected":false},"excerpt":{"rendered":"<p>Acadie Suite can accommodate up to 2 people, with a bedroom and its private lounge. This suite in smooth and modern colours is a truly peaceful haven. Located on the first floor, each of its 4 windows offers direct sea views. Charming and stunning! You will spend here a pleasant\u2026<\/p>\n<p class=\"continue-reading-button\"> <a class=\"continue-reading-link\" href=\"https:\/\/villapenprad.com\/en\/acadie-suite\/\">Continue reading<i class=\"crycon-right-dir\"><\/i><\/a><\/p>\n","protected":false},"author":1,"featured_media":0,"parent":0,"menu_order":0,"comment_status":"closed","ping_status":"closed","template":"","meta":{"_monsterinsights_skip_tracking":false,"_monsterinsights_sitenote_active":false,"_monsterinsights_sitenote_note":"","_monsterinsights_sitenote_category":0},"yoast_head":"<!-- This site is optimized with the Yoast SEO plugin v20.11 - https:\/\/yoast.com\/wordpress\/plugins\/seo\/ -->\n<title>Acadie Suite - Villa Pen Prad<\/title>\n<meta name=\"robots\" content=\"index, follow, max-snippet:-1, max-image-preview:large, max-video-preview:-1\" \/>\n<link rel=\"canonical\" href=\"https:\/\/villapenprad.com\/en\/acadie-suite\/\" \/>\n<meta property=\"og:locale\" content=\"en_US\" \/>\n<meta property=\"og:type\" content=\"article\" \/>\n<meta property=\"og:title\" content=\"Acadie Suite - Villa Pen Prad\" \/>\n<meta property=\"og:description\" content=\"Acadie Suite can accommodate up to 2 people, with a bedroom and its private lounge. This suite in smooth and modern colours is a truly peaceful haven. Located on the first floor, each of its 4 windows offers direct sea views. Charming and stunning! You will spend here a pleasant\u2026 Continue reading\" \/>\n<meta property=\"og:url\" content=\"https:\/\/villapenprad.com\/en\/acadie-suite\/\" \/>\n<meta property=\"og:site_name\" content=\"Villa Pen Prad\" \/>\n<meta property=\"article:modified_time\" content=\"2015-04-05T07:41:33+00:00\" \/>\n<meta property=\"og:image\" content=\"https:\/\/villapenprad.com\/wp-content\/uploads\/Suite_Acadie_Villa_Pen_Prad_8-150x150.jpg\" \/>\n<script type=\"application\/ld+json\" class=\"yoast-schema-graph\">{\"@context\":\"https:\/\/schema.org\",\"@graph\":[{\"@type\":\"WebPage\",\"@id\":\"https:\/\/villapenprad.com\/en\/acadie-suite\/\",\"url\":\"https:\/\/villapenprad.com\/en\/acadie-suite\/\",\"name\":\"Acadie Suite - Villa Pen Prad\",\"isPartOf\":{\"@id\":\"https:\/\/villapenprad.com\/#website\"},\"datePublished\":\"2015-03-25T22:47:02+00:00\",\"dateModified\":\"2015-04-05T07:41:33+00:00\",\"breadcrumb\":{\"@id\":\"https:\/\/villapenprad.com\/en\/acadie-suite\/#breadcrumb\"},\"inLanguage\":\"en-US\",\"potentialAction\":[{\"@type\":\"ReadAction\",\"target\":[\"https:\/\/villapenprad.com\/en\/acadie-suite\/\"]}]},{\"@type\":\"BreadcrumbList\",\"@id\":\"https:\/\/villapenprad.com\/en\/acadie-suite\/#breadcrumb\",\"itemListElement\":[{\"@type\":\"ListItem\",\"position\":1,\"name\":\"Home\",\"item\":\"https:\/\/villapenprad.com\/\"},{\"@type\":\"ListItem\",\"position\":2,\"name\":\"Acadie Suite\"}]},{\"@type\":\"WebSite\",\"@id\":\"https:\/\/villapenprad.com\/#website\",\"url\":\"https:\/\/villapenprad.com\/\",\"name\":\"Villa Pen Prad\",\"description\":\"Location de chambres d&#039;h\u00f4tes \u00e0 Belle-\u00eele-en-mer\",\"potentialAction\":[{\"@type\":\"SearchAction\",\"target\":{\"@type\":\"EntryPoint\",\"urlTemplate\":\"https:\/\/villapenprad.com\/?s={search_term_string}\"},\"query-input\":\"required name=search_term_string\"}],\"inLanguage\":\"en-US\"}]}<\/script>\n<!-- \/ Yoast SEO plugin. -->","yoast_head_json":{"title":"Acadie Suite - Villa Pen Prad","robots":{"index":"index","follow":"follow","max-snippet":"max-snippet:-1","max-image-preview":"max-image-preview:large","max-video-preview":"max-video-preview:-1"},"canonical":"https:\/\/villapenprad.com\/en\/acadie-suite\/","og_locale":"en_US","og_type":"article","og_title":"Acadie Suite - Villa Pen Prad","og_description":"Acadie Suite can accommodate up to 2 people, with a bedroom and its private lounge. This suite in smooth and modern colours is a truly peaceful haven. Located on the first floor, each of its 4 windows offers direct sea views. Charming and stunning! You will spend here a pleasant\u2026 Continue reading","og_url":"https:\/\/villapenprad.com\/en\/acadie-suite\/","og_site_name":"Villa Pen Prad","article_modified_time":"2015-04-05T07:41:33+00:00","og_image":[{"url":"https:\/\/villapenprad.com\/wp-content\/uploads\/Suite_Acadie_Villa_Pen_Prad_8-150x150.jpg"}],"schema":{"@context":"https:\/\/schema.org","@graph":[{"@type":"WebPage","@id":"https:\/\/villapenprad.com\/en\/acadie-suite\/","url":"https:\/\/villapenprad.com\/en\/acadie-suite\/","name":"Acadie Suite - Villa Pen Prad","isPartOf":{"@id":"https:\/\/villapenprad.com\/#website"},"datePublished":"2015-03-25T22:47:02+00:00","dateModified":"2015-04-05T07:41:33+00:00","breadcrumb":{"@id":"https:\/\/villapenprad.com\/en\/acadie-suite\/#breadcrumb"},"inLanguage":"en-US","potentialAction":[{"@type":"ReadAction","target":["https:\/\/villapenprad.com\/en\/acadie-suite\/"]}]},{"@type":"BreadcrumbList","@id":"https:\/\/villapenprad.com\/en\/acadie-suite\/#breadcrumb","itemListElement":[{"@type":"ListItem","position":1,"name":"Home","item":"https:\/\/villapenprad.com\/"},{"@type":"ListItem","position":2,"name":"Acadie Suite"}]},{"@type":"WebSite","@id":"https:\/\/villapenprad.com\/#website","url":"https:\/\/villapenprad.com\/","name":"Villa Pen Prad","description":"Location de chambres d&#039;h\u00f4tes \u00e0 Belle-\u00eele-en-mer","potentialAction":[{"@type":"SearchAction","target":{"@type":"EntryPoint","urlTemplate":"https:\/\/villapenprad.com\/?s={search_term_string}"},"query-input":"required name=search_term_string"}],"inLanguage":"en-US"}]}},"_links":{"self":[{"href":"https:\/\/villapenprad.com\/en\/wp-json\/wp\/v2\/pages\/736"}],"collection":[{"href":"https:\/\/villapenprad.com\/en\/wp-json\/wp\/v2\/pages"}],"about":[{"href":"https:\/\/villapenprad.com\/en\/wp-json\/wp\/v2\/types\/page"}],"author":[{"embeddable":true,"href":"https:\/\/villapenprad.com\/en\/wp-json\/wp\/v2\/users\/1"}],"replies":[{"embeddable":true,"href":"https:\/\/villapenprad.com\/en\/wp-json\/wp\/v2\/comments?post=736"}],"version-history":[{"count":4,"href":"https:\/\/villapenprad.com\/en\/wp-json\/wp\/v2\/pages\/736\/revisions"}],"predecessor-version":[{"id":785,"href":"https:\/\/villapenprad.com\/en\/wp-json\/wp\/v2\/pages\/736\/revisions\/785"}],"wp:attachment":[{"href":"https:\/\/villapenprad.com\/en\/wp-json\/wp\/v2\/media?parent=736"}],"curies":[{"name":"wp","href":"https:\/\/api.w.org\/{rel}","templated":true}]}}