{"id":733,"date":"2015-03-25T23:44:37","date_gmt":"2015-03-25T22:44:37","guid":{"rendered":"http:\/\/villapenprad.com\/?page_id=733"},"modified":"2015-04-05T08:42:25","modified_gmt":"2015-04-05T07:42:25","slug":"guedel-room","status":"publish","type":"page","link":"https:\/\/villapenprad.com\/en\/guedel-room\/","title":{"rendered":"Guedel Room"},"content":{"rendered":"\n\t\t<style type=\"text\/css\">\n\t\t\t#gallery-1 {\n\t\t\t\tmargin: auto;\n\t\t\t}\n\t\t\t#gallery-1 .gallery-item {\n\t\t\t\tfloat: left;\n\t\t\t\tmargin-top: 10px;\n\t\t\t\ttext-align: center;\n\t\t\t\twidth: 20%;\n\t\t\t}\n\t\t\t#gallery-1 img {\n\t\t\t\tborder: 2px solid #cfcfcf;\n\t\t\t}\n\t\t\t#gallery-1 .gallery-caption {\n\t\t\t\tmargin-left: 0;\n\t\t\t}\n\t\t\t\/* see gallery_shortcode() in wp-includes\/media.php *\/\n\t\t<\/style>\n\t\t<div id='gallery-1' class='gallery galleryid-733 gallery-columns-5 gallery-size-thumbnail'><dl class='gallery-item'>\n\t\t\t<dt class='gallery-icon landscape'>\n\t\t\t\t<a href='https:\/\/villapenprad.com\/wp-content\/uploads\/Chambre-Guedel-Villa-Pen-Prad-1.jpg' title=\"\" data-rl_title=\"\" class=\"rl-gallery-link\" data-rl_caption=\"\" data-rel=\"lightbox-gallery-1\"><img width=\"150\" height=\"150\" src=\"https:\/\/villapenprad.com\/wp-content\/uploads\/Chambre-Guedel-Villa-Pen-Prad-1-150x150.jpg\" class=\"attachment-thumbnail size-thumbnail\" alt=\"\" decoding=\"async\" loading=\"lazy\" \/><\/a>\n\t\t\t<\/dt><\/dl><dl class='gallery-item'>\n\t\t\t<dt class='gallery-icon portrait'>\n\t\t\t\t<a href='https:\/\/villapenprad.com\/wp-content\/uploads\/Chambre-Guedel-Villa-Pen-Prad-2-e1394123820828.jpg' title=\"\" data-rl_title=\"\" class=\"rl-gallery-link\" data-rl_caption=\"\" data-rel=\"lightbox-gallery-1\"><img width=\"150\" height=\"150\" src=\"https:\/\/villapenprad.com\/wp-content\/uploads\/Chambre-Guedel-Villa-Pen-Prad-2-e1394123820828-150x150.jpg\" class=\"attachment-thumbnail size-thumbnail\" alt=\"\" decoding=\"async\" loading=\"lazy\" \/><\/a>\n\t\t\t<\/dt><\/dl><dl class='gallery-item'>\n\t\t\t<dt class='gallery-icon landscape'>\n\t\t\t\t<a href='https:\/\/villapenprad.com\/wp-content\/uploads\/Chambre-Guedel-Villa-Pen-Prad-3.jpg' title=\"\" data-rl_title=\"\" class=\"rl-gallery-link\" data-rl_caption=\"\" data-rel=\"lightbox-gallery-1\"><img width=\"150\" height=\"150\" src=\"https:\/\/villapenprad.com\/wp-content\/uploads\/Chambre-Guedel-Villa-Pen-Prad-3-150x150.jpg\" class=\"attachment-thumbnail size-thumbnail\" alt=\"\" decoding=\"async\" loading=\"lazy\" \/><\/a>\n\t\t\t<\/dt><\/dl><dl class='gallery-item'>\n\t\t\t<dt class='gallery-icon portrait'>\n\t\t\t\t<a href='https:\/\/villapenprad.com\/wp-content\/uploads\/Chambre-Guedel-Villa-Pen-Prad-4-e1394123792540.jpg' title=\"\" data-rl_title=\"\" class=\"rl-gallery-link\" data-rl_caption=\"\" data-rel=\"lightbox-gallery-1\"><img width=\"150\" height=\"150\" src=\"https:\/\/villapenprad.com\/wp-content\/uploads\/Chambre-Guedel-Villa-Pen-Prad-4-e1394123792540-150x150.jpg\" class=\"attachment-thumbnail size-thumbnail\" alt=\"\" decoding=\"async\" loading=\"lazy\" \/><\/a>\n\t\t\t<\/dt><\/dl><dl class='gallery-item'>\n\t\t\t<dt class='gallery-icon landscape'>\n\t\t\t\t<a href='https:\/\/villapenprad.com\/wp-content\/uploads\/Chambre_Pougnots_Villa_Pen_Prad_1.jpg' title=\"\" data-rl_title=\"\" class=\"rl-gallery-link\" data-rl_caption=\"\" data-rel=\"lightbox-gallery-1\"><img width=\"150\" height=\"150\" src=\"https:\/\/villapenprad.com\/wp-content\/uploads\/Chambre_Pougnots_Villa_Pen_Prad_1-150x150.jpg\" class=\"attachment-thumbnail size-thumbnail\" alt=\"\" decoding=\"async\" loading=\"lazy\" \/><\/a>\n\t\t\t<\/dt><\/dl><br style=\"clear: both\" \/>\n\t\t<\/div>\n\n<p>Guedel can accommodate up to 2 people.<\/p>\n<p>Located on the second floor, this large room offers views over Sauzon\u2019s fishing port.<\/p>\n<p>The decoration of this resplendent room afterthought in natural tone, gives a warm feeling of stillness and tranquillity.<\/p>\n<p>The room in details:<\/p>\n<ul>\n<li>high quality bedding\/linens &#8211; bed 160 * 200<\/li>\n<li>a view on the port<\/li>\n<li>en-suite bathroom and toilets<\/li>\n<li>WIFI<\/li>\n<\/ul>\n<p>Guedel is available from 160\u20ac, breakfast included<\/p>\n","protected":false},"excerpt":{"rendered":"<p>Guedel can accommodate up to 2 people. Located on the second floor, this large room offers views over Sauzon\u2019s fishing port. The decoration of this resplendent room afterthought in natural tone, gives a warm feeling of stillness and tranquillity. The room in details: high quality bedding\/linens &#8211; bed 160 *\u2026<\/p>\n<p class=\"continue-reading-button\"> <a class=\"continue-reading-link\" href=\"https:\/\/villapenprad.com\/en\/guedel-room\/\">Continue reading<i class=\"crycon-right-dir\"><\/i><\/a><\/p>\n","protected":false},"author":1,"featured_media":0,"parent":0,"menu_order":0,"comment_status":"closed","ping_status":"closed","template":"","meta":{"_monsterinsights_skip_tracking":false,"_monsterinsights_sitenote_active":false,"_monsterinsights_sitenote_note":"","_monsterinsights_sitenote_category":0},"yoast_head":"<!-- This site is optimized with the Yoast SEO plugin v20.11 - https:\/\/yoast.com\/wordpress\/plugins\/seo\/ -->\n<title>Guedel Room - Villa Pen Prad<\/title>\n<meta name=\"robots\" content=\"index, follow, max-snippet:-1, max-image-preview:large, max-video-preview:-1\" \/>\n<link rel=\"canonical\" href=\"https:\/\/villapenprad.com\/en\/guedel-room\/\" \/>\n<meta property=\"og:locale\" content=\"en_US\" \/>\n<meta property=\"og:type\" content=\"article\" \/>\n<meta property=\"og:title\" content=\"Guedel Room - Villa Pen Prad\" \/>\n<meta property=\"og:description\" content=\"Guedel can accommodate up to 2 people. Located on the second floor, this large room offers views over Sauzon\u2019s fishing port. The decoration of this resplendent room afterthought in natural tone, gives a warm feeling of stillness and tranquillity. The room in details: high quality bedding\/linens &#8211; bed 160 *\u2026 Continue reading\" \/>\n<meta property=\"og:url\" content=\"https:\/\/villapenprad.com\/en\/guedel-room\/\" \/>\n<meta property=\"og:site_name\" content=\"Villa Pen Prad\" \/>\n<meta property=\"article:modified_time\" content=\"2015-04-05T07:42:25+00:00\" \/>\n<meta property=\"og:image\" content=\"https:\/\/villapenprad.com\/wp-content\/uploads\/Chambre-Guedel-Villa-Pen-Prad-1-150x150.jpg\" \/>\n<script type=\"application\/ld+json\" class=\"yoast-schema-graph\">{\"@context\":\"https:\/\/schema.org\",\"@graph\":[{\"@type\":\"WebPage\",\"@id\":\"https:\/\/villapenprad.com\/en\/guedel-room\/\",\"url\":\"https:\/\/villapenprad.com\/en\/guedel-room\/\",\"name\":\"Guedel Room - Villa Pen Prad\",\"isPartOf\":{\"@id\":\"https:\/\/villapenprad.com\/#website\"},\"datePublished\":\"2015-03-25T22:44:37+00:00\",\"dateModified\":\"2015-04-05T07:42:25+00:00\",\"breadcrumb\":{\"@id\":\"https:\/\/villapenprad.com\/en\/guedel-room\/#breadcrumb\"},\"inLanguage\":\"en-US\",\"potentialAction\":[{\"@type\":\"ReadAction\",\"target\":[\"https:\/\/villapenprad.com\/en\/guedel-room\/\"]}]},{\"@type\":\"BreadcrumbList\",\"@id\":\"https:\/\/villapenprad.com\/en\/guedel-room\/#breadcrumb\",\"itemListElement\":[{\"@type\":\"ListItem\",\"position\":1,\"name\":\"Home\",\"item\":\"https:\/\/villapenprad.com\/\"},{\"@type\":\"ListItem\",\"position\":2,\"name\":\"Guedel Room\"}]},{\"@type\":\"WebSite\",\"@id\":\"https:\/\/villapenprad.com\/#website\",\"url\":\"https:\/\/villapenprad.com\/\",\"name\":\"Villa Pen Prad\",\"description\":\"Location de chambres d&#039;h\u00f4tes \u00e0 Belle-\u00eele-en-mer\",\"potentialAction\":[{\"@type\":\"SearchAction\",\"target\":{\"@type\":\"EntryPoint\",\"urlTemplate\":\"https:\/\/villapenprad.com\/?s={search_term_string}\"},\"query-input\":\"required name=search_term_string\"}],\"inLanguage\":\"en-US\"}]}<\/script>\n<!-- \/ Yoast SEO plugin. -->","yoast_head_json":{"title":"Guedel Room - Villa Pen Prad","robots":{"index":"index","follow":"follow","max-snippet":"max-snippet:-1","max-image-preview":"max-image-preview:large","max-video-preview":"max-video-preview:-1"},"canonical":"https:\/\/villapenprad.com\/en\/guedel-room\/","og_locale":"en_US","og_type":"article","og_title":"Guedel Room - Villa Pen Prad","og_description":"Guedel can accommodate up to 2 people. Located on the second floor, this large room offers views over Sauzon\u2019s fishing port. The decoration of this resplendent room afterthought in natural tone, gives a warm feeling of stillness and tranquillity. The room in details: high quality bedding\/linens &#8211; bed 160 *\u2026 Continue reading","og_url":"https:\/\/villapenprad.com\/en\/guedel-room\/","og_site_name":"Villa Pen Prad","article_modified_time":"2015-04-05T07:42:25+00:00","og_image":[{"url":"https:\/\/villapenprad.com\/wp-content\/uploads\/Chambre-Guedel-Villa-Pen-Prad-1-150x150.jpg"}],"schema":{"@context":"https:\/\/schema.org","@graph":[{"@type":"WebPage","@id":"https:\/\/villapenprad.com\/en\/guedel-room\/","url":"https:\/\/villapenprad.com\/en\/guedel-room\/","name":"Guedel Room - Villa Pen Prad","isPartOf":{"@id":"https:\/\/villapenprad.com\/#website"},"datePublished":"2015-03-25T22:44:37+00:00","dateModified":"2015-04-05T07:42:25+00:00","breadcrumb":{"@id":"https:\/\/villapenprad.com\/en\/guedel-room\/#breadcrumb"},"inLanguage":"en-US","potentialAction":[{"@type":"ReadAction","target":["https:\/\/villapenprad.com\/en\/guedel-room\/"]}]},{"@type":"BreadcrumbList","@id":"https:\/\/villapenprad.com\/en\/guedel-room\/#breadcrumb","itemListElement":[{"@type":"ListItem","position":1,"name":"Home","item":"https:\/\/villapenprad.com\/"},{"@type":"ListItem","position":2,"name":"Guedel Room"}]},{"@type":"WebSite","@id":"https:\/\/villapenprad.com\/#website","url":"https:\/\/villapenprad.com\/","name":"Villa Pen Prad","description":"Location de chambres d&#039;h\u00f4tes \u00e0 Belle-\u00eele-en-mer","potentialAction":[{"@type":"SearchAction","target":{"@type":"EntryPoint","urlTemplate":"https:\/\/villapenprad.com\/?s={search_term_string}"},"query-input":"required name=search_term_string"}],"inLanguage":"en-US"}]}},"_links":{"self":[{"href":"https:\/\/villapenprad.com\/en\/wp-json\/wp\/v2\/pages\/733"}],"collection":[{"href":"https:\/\/villapenprad.com\/en\/wp-json\/wp\/v2\/pages"}],"about":[{"href":"https:\/\/villapenprad.com\/en\/wp-json\/wp\/v2\/types\/page"}],"author":[{"embeddable":true,"href":"https:\/\/villapenprad.com\/en\/wp-json\/wp\/v2\/users\/1"}],"replies":[{"embeddable":true,"href":"https:\/\/villapenprad.com\/en\/wp-json\/wp\/v2\/comments?post=733"}],"version-history":[{"count":4,"href":"https:\/\/villapenprad.com\/en\/wp-json\/wp\/v2\/pages\/733\/revisions"}],"predecessor-version":[{"id":787,"href":"https:\/\/villapenprad.com\/en\/wp-json\/wp\/v2\/pages\/733\/revisions\/787"}],"wp:attachment":[{"href":"https:\/\/villapenprad.com\/en\/wp-json\/wp\/v2\/media?parent=733"}],"curies":[{"name":"wp","href":"https:\/\/api.w.org\/{rel}","templated":true}]}}