{"id":731,"date":"2015-03-25T23:42:55","date_gmt":"2015-03-25T22:42:55","guid":{"rendered":"http:\/\/villapenprad.com\/?page_id=731"},"modified":"2015-04-05T08:43:41","modified_gmt":"2015-04-05T07:43:41","slug":"kerdonis-room","status":"publish","type":"page","link":"https:\/\/villapenprad.com\/en\/kerdonis-room\/","title":{"rendered":"Kerdonis Room"},"content":{"rendered":"\n\t\t<style type=\"text\/css\">\n\t\t\t#gallery-1 {\n\t\t\t\tmargin: auto;\n\t\t\t}\n\t\t\t#gallery-1 .gallery-item {\n\t\t\t\tfloat: left;\n\t\t\t\tmargin-top: 10px;\n\t\t\t\ttext-align: center;\n\t\t\t\twidth: 33%;\n\t\t\t}\n\t\t\t#gallery-1 img {\n\t\t\t\tborder: 2px solid #cfcfcf;\n\t\t\t}\n\t\t\t#gallery-1 .gallery-caption {\n\t\t\t\tmargin-left: 0;\n\t\t\t}\n\t\t\t\/* see gallery_shortcode() in wp-includes\/media.php *\/\n\t\t<\/style>\n\t\t<div id='gallery-1' class='gallery galleryid-731 gallery-columns-3 gallery-size-thumbnail'><dl class='gallery-item'>\n\t\t\t<dt class='gallery-icon landscape'>\n\t\t\t\t<a href='https:\/\/villapenprad.com\/wp-content\/uploads\/Chambre-Kerdonis-Villa-Pen-Prad-2.jpg' title=\"\" data-rl_title=\"\" class=\"rl-gallery-link\" data-rl_caption=\"\" data-rel=\"lightbox-gallery-1\"><img width=\"150\" height=\"150\" src=\"https:\/\/villapenprad.com\/wp-content\/uploads\/Chambre-Kerdonis-Villa-Pen-Prad-2-150x150.jpg\" class=\"attachment-thumbnail size-thumbnail\" alt=\"\" decoding=\"async\" loading=\"lazy\" \/><\/a>\n\t\t\t<\/dt><\/dl><dl class='gallery-item'>\n\t\t\t<dt class='gallery-icon landscape'>\n\t\t\t\t<a href='https:\/\/villapenprad.com\/wp-content\/uploads\/Chambre-Kerdonis-Villa-Pen-Prad-1.jpg' title=\"\" data-rl_title=\"\" class=\"rl-gallery-link\" data-rl_caption=\"\" data-rel=\"lightbox-gallery-1\"><img width=\"150\" height=\"150\" src=\"https:\/\/villapenprad.com\/wp-content\/uploads\/Chambre-Kerdonis-Villa-Pen-Prad-1-150x150.jpg\" class=\"attachment-thumbnail size-thumbnail\" alt=\"\" decoding=\"async\" loading=\"lazy\" \/><\/a>\n\t\t\t<\/dt><\/dl><dl class='gallery-item'>\n\t\t\t<dt class='gallery-icon landscape'>\n\t\t\t\t<a href='https:\/\/villapenprad.com\/wp-content\/uploads\/Chambre_Kerdonis_Villa_Pen_Prad_1.jpg' title=\"\" data-rl_title=\"\" class=\"rl-gallery-link\" data-rl_caption=\"\" data-rel=\"lightbox-gallery-1\"><img width=\"150\" height=\"150\" src=\"https:\/\/villapenprad.com\/wp-content\/uploads\/Chambre_Kerdonis_Villa_Pen_Prad_1-150x150.jpg\" class=\"attachment-thumbnail size-thumbnail\" alt=\"\" decoding=\"async\" loading=\"lazy\" \/><\/a>\n\t\t\t<\/dt><\/dl><br style=\"clear: both\" \/>\n\t\t<\/div>\n\n<p>Kerdonis room can accommodate up to 2 people<\/p>\n<p>This room offers famous plummeting views over Sauzon\u2019s port found on many postcards of Belle-Ile.<\/p>\n<p>An assortment of old pink and grey, this room is a true cosy cocoon, ideal atmosphere for a great holiday.<\/p>\n<p>The room in details:<\/p>\n<ul>\n<li>high quality bedding\/linens &#8211; bed 160 * 200<\/li>\n<li>two windows with outstanding views over the sea and the ria<\/li>\n<li>en-suite bathroom and toilets<\/li>\n<li>WIFI<\/li>\n<\/ul>\n<p>Kerdonis is available from 160\u20ac, breakfast included.<\/p>\n","protected":false},"excerpt":{"rendered":"<p>Kerdonis room can accommodate up to 2 people This room offers famous plummeting views over Sauzon\u2019s port found on many postcards of Belle-Ile. An assortment of old pink and grey, this room is a true cosy cocoon, ideal atmosphere for a great holiday. The room in details: high quality bedding\/linens\u2026<\/p>\n<p class=\"continue-reading-button\"> <a class=\"continue-reading-link\" href=\"https:\/\/villapenprad.com\/en\/kerdonis-room\/\">Continue reading<i class=\"crycon-right-dir\"><\/i><\/a><\/p>\n","protected":false},"author":1,"featured_media":0,"parent":0,"menu_order":0,"comment_status":"closed","ping_status":"closed","template":"","meta":{"_monsterinsights_skip_tracking":false,"_monsterinsights_sitenote_active":false,"_monsterinsights_sitenote_note":"","_monsterinsights_sitenote_category":0},"yoast_head":"<!-- This site is optimized with the Yoast SEO plugin v20.11 - https:\/\/yoast.com\/wordpress\/plugins\/seo\/ -->\n<title>Kerdonis Room - Villa Pen Prad<\/title>\n<meta name=\"robots\" content=\"index, follow, max-snippet:-1, max-image-preview:large, max-video-preview:-1\" \/>\n<link rel=\"canonical\" href=\"https:\/\/villapenprad.com\/en\/kerdonis-room\/\" \/>\n<meta property=\"og:locale\" content=\"en_US\" \/>\n<meta property=\"og:type\" content=\"article\" \/>\n<meta property=\"og:title\" content=\"Kerdonis Room - Villa Pen Prad\" \/>\n<meta property=\"og:description\" content=\"Kerdonis room can accommodate up to 2 people This room offers famous plummeting views over Sauzon\u2019s port found on many postcards of Belle-Ile. An assortment of old pink and grey, this room is a true cosy cocoon, ideal atmosphere for a great holiday. The room in details: high quality bedding\/linens\u2026 Continue reading\" \/>\n<meta property=\"og:url\" content=\"https:\/\/villapenprad.com\/en\/kerdonis-room\/\" \/>\n<meta property=\"og:site_name\" content=\"Villa Pen Prad\" \/>\n<meta property=\"article:modified_time\" content=\"2015-04-05T07:43:41+00:00\" \/>\n<meta property=\"og:image\" content=\"https:\/\/villapenprad.com\/wp-content\/uploads\/Chambre-Kerdonis-Villa-Pen-Prad-2-150x150.jpg\" \/>\n<script type=\"application\/ld+json\" class=\"yoast-schema-graph\">{\"@context\":\"https:\/\/schema.org\",\"@graph\":[{\"@type\":\"WebPage\",\"@id\":\"https:\/\/villapenprad.com\/en\/kerdonis-room\/\",\"url\":\"https:\/\/villapenprad.com\/en\/kerdonis-room\/\",\"name\":\"Kerdonis Room - Villa Pen Prad\",\"isPartOf\":{\"@id\":\"https:\/\/villapenprad.com\/#website\"},\"datePublished\":\"2015-03-25T22:42:55+00:00\",\"dateModified\":\"2015-04-05T07:43:41+00:00\",\"breadcrumb\":{\"@id\":\"https:\/\/villapenprad.com\/en\/kerdonis-room\/#breadcrumb\"},\"inLanguage\":\"en-US\",\"potentialAction\":[{\"@type\":\"ReadAction\",\"target\":[\"https:\/\/villapenprad.com\/en\/kerdonis-room\/\"]}]},{\"@type\":\"BreadcrumbList\",\"@id\":\"https:\/\/villapenprad.com\/en\/kerdonis-room\/#breadcrumb\",\"itemListElement\":[{\"@type\":\"ListItem\",\"position\":1,\"name\":\"Home\",\"item\":\"https:\/\/villapenprad.com\/\"},{\"@type\":\"ListItem\",\"position\":2,\"name\":\"Kerdonis Room\"}]},{\"@type\":\"WebSite\",\"@id\":\"https:\/\/villapenprad.com\/#website\",\"url\":\"https:\/\/villapenprad.com\/\",\"name\":\"Villa Pen Prad\",\"description\":\"Location de chambres d&#039;h\u00f4tes \u00e0 Belle-\u00eele-en-mer\",\"potentialAction\":[{\"@type\":\"SearchAction\",\"target\":{\"@type\":\"EntryPoint\",\"urlTemplate\":\"https:\/\/villapenprad.com\/?s={search_term_string}\"},\"query-input\":\"required name=search_term_string\"}],\"inLanguage\":\"en-US\"}]}<\/script>\n<!-- \/ Yoast SEO plugin. -->","yoast_head_json":{"title":"Kerdonis Room - Villa Pen Prad","robots":{"index":"index","follow":"follow","max-snippet":"max-snippet:-1","max-image-preview":"max-image-preview:large","max-video-preview":"max-video-preview:-1"},"canonical":"https:\/\/villapenprad.com\/en\/kerdonis-room\/","og_locale":"en_US","og_type":"article","og_title":"Kerdonis Room - Villa Pen Prad","og_description":"Kerdonis room can accommodate up to 2 people This room offers famous plummeting views over Sauzon\u2019s port found on many postcards of Belle-Ile. An assortment of old pink and grey, this room is a true cosy cocoon, ideal atmosphere for a great holiday. The room in details: high quality bedding\/linens\u2026 Continue reading","og_url":"https:\/\/villapenprad.com\/en\/kerdonis-room\/","og_site_name":"Villa Pen Prad","article_modified_time":"2015-04-05T07:43:41+00:00","og_image":[{"url":"https:\/\/villapenprad.com\/wp-content\/uploads\/Chambre-Kerdonis-Villa-Pen-Prad-2-150x150.jpg"}],"schema":{"@context":"https:\/\/schema.org","@graph":[{"@type":"WebPage","@id":"https:\/\/villapenprad.com\/en\/kerdonis-room\/","url":"https:\/\/villapenprad.com\/en\/kerdonis-room\/","name":"Kerdonis Room - Villa Pen Prad","isPartOf":{"@id":"https:\/\/villapenprad.com\/#website"},"datePublished":"2015-03-25T22:42:55+00:00","dateModified":"2015-04-05T07:43:41+00:00","breadcrumb":{"@id":"https:\/\/villapenprad.com\/en\/kerdonis-room\/#breadcrumb"},"inLanguage":"en-US","potentialAction":[{"@type":"ReadAction","target":["https:\/\/villapenprad.com\/en\/kerdonis-room\/"]}]},{"@type":"BreadcrumbList","@id":"https:\/\/villapenprad.com\/en\/kerdonis-room\/#breadcrumb","itemListElement":[{"@type":"ListItem","position":1,"name":"Home","item":"https:\/\/villapenprad.com\/"},{"@type":"ListItem","position":2,"name":"Kerdonis Room"}]},{"@type":"WebSite","@id":"https:\/\/villapenprad.com\/#website","url":"https:\/\/villapenprad.com\/","name":"Villa Pen Prad","description":"Location de chambres d&#039;h\u00f4tes \u00e0 Belle-\u00eele-en-mer","potentialAction":[{"@type":"SearchAction","target":{"@type":"EntryPoint","urlTemplate":"https:\/\/villapenprad.com\/?s={search_term_string}"},"query-input":"required name=search_term_string"}],"inLanguage":"en-US"}]}},"_links":{"self":[{"href":"https:\/\/villapenprad.com\/en\/wp-json\/wp\/v2\/pages\/731"}],"collection":[{"href":"https:\/\/villapenprad.com\/en\/wp-json\/wp\/v2\/pages"}],"about":[{"href":"https:\/\/villapenprad.com\/en\/wp-json\/wp\/v2\/types\/page"}],"author":[{"embeddable":true,"href":"https:\/\/villapenprad.com\/en\/wp-json\/wp\/v2\/users\/1"}],"replies":[{"embeddable":true,"href":"https:\/\/villapenprad.com\/en\/wp-json\/wp\/v2\/comments?post=731"}],"version-history":[{"count":2,"href":"https:\/\/villapenprad.com\/en\/wp-json\/wp\/v2\/pages\/731\/revisions"}],"predecessor-version":[{"id":789,"href":"https:\/\/villapenprad.com\/en\/wp-json\/wp\/v2\/pages\/731\/revisions\/789"}],"wp:attachment":[{"href":"https:\/\/villapenprad.com\/en\/wp-json\/wp\/v2\/media?parent=731"}],"curies":[{"name":"wp","href":"https:\/\/api.w.org\/{rel}","templated":true}]}}