{"id":727,"date":"2015-03-25T23:35:17","date_gmt":"2015-03-25T22:35:17","guid":{"rendered":"http:\/\/villapenprad.com\/?page_id=727"},"modified":"2015-03-26T00:22:20","modified_gmt":"2015-03-25T23:22:20","slug":"our-rooms","status":"publish","type":"page","link":"https:\/\/villapenprad.com\/en\/our-rooms\/","title":{"rendered":"Our Rooms"},"content":{"rendered":"<p><a href=\"http:\/\/villapenprad.com\/en\/guerveur-suite\/\"><\/p>\n<div style=\"float: left; width: 350px; margin: 20px; text-align: center;\"><img decoding=\"async\" alt=\"\" src=\"http:\/\/villapenprad.com\/wp-content\/uploads\/Location_Suite_Guerveur_vignette.jpeg\" \/><\/p>\n<div style=\"margin-top: -30px;\">\n<h4>Guerveur Suite<\/h4>\n<p><\/a>\n<\/div>\n<\/div>\n<p><a href=\"http:\/\/villapenprad.com\/en\/acadie-suite\/\"><\/p>\n<div style=\"float: left; width: 350px; margin: 20px; text-align: center;\"><img decoding=\"async\" alt=\"\" src=\"http:\/\/villapenprad.com\/wp-content\/uploads\/Location_Suite_Acadie.jpeg\" \/><\/p>\n<div style=\"margin-top: -30px;\">\n<h4>Acadie Suite<\/h4>\n<\/div>\n<\/div>\n<p><\/a><\/p>\n<div style=\"clear:both;\"><\/div>\n<p><a href=\"http:\/\/villapenprad.com\/en\/kerdonis-room\/\"><\/p>\n<div style=\"float: left; width: 350px; margin: 20px; text-align: center;\"><img decoding=\"async\" alt=\"\" src=\"http:\/\/villapenprad.com\/wp-content\/uploads\/Location_Chambre_Kerdonis1.jpeg\" \/><\/p>\n<div style=\"margin-top: -30px;\">\n<h4>Kerdonis Room<\/h4>\n<\/div>\n<\/div>\n<p><\/a><br \/>\n<a href=\"http:\/\/villapenprad.com\/en\/vindilis-room\/\"><\/p>\n<div style=\"float: left; width: 350px; margin: 20px; text-align: center;\"><img decoding=\"async\" alt=\"\" src=\"http:\/\/villapenprad.com\/wp-content\/uploads\/Location_Chambre_Vindilis.jpeg\" \/><\/p>\n<div style=\"margin-top: -30px;\">\n<h4>Vindilis Room<\/h4>\n<\/div>\n<\/div>\n<p><\/a><\/p>\n<div style=\"clear:both;\"><\/div>\n<p><a href=\"http:\/\/villapenprad.com\/en\/guedel-room\/\"><\/p>\n<div style=\"float: left; width: 350px; margin: 20px; text-align: center;\"><img decoding=\"async\" alt=\"\" src=\"http:\/\/villapenprad.com\/wp-content\/uploads\/Location_Chambre_Guedel_vignette.jpeg\" \/><\/p>\n<div style=\"margin-top: -30px;\">\n<h4>Guedel Room<\/h4>\n<\/div>\n<\/div>\n<p><\/a><\/p>\n<div style=\"clear:both;\"><\/div>\n<p>Each one of our Guest Rooms has direct views to the sea.<\/p>\n<p>The rooms are named after the Ferries and Vessels operating or having operated between the island and the mainland: the Acadie, the Guerveur, the Kerdonis, the Vindilis and the Guedel.<\/p>\n<p><span style=\"font-size: 16px;\">\u00a0<\/span><\/p>\n","protected":false},"excerpt":{"rendered":"<p>Guerveur Suite Acadie Suite Kerdonis Room Vindilis Room Guedel Room Each one of our Guest Rooms has direct views to the sea. The rooms are named after the Ferries and Vessels operating or having operated between the island and the mainland: the Acadie, the Guerveur, the Kerdonis, the Vindilis and\u2026<\/p>\n<p class=\"continue-reading-button\"> <a class=\"continue-reading-link\" href=\"https:\/\/villapenprad.com\/en\/our-rooms\/\">Continue reading<i class=\"crycon-right-dir\"><\/i><\/a><\/p>\n","protected":false},"author":1,"featured_media":0,"parent":0,"menu_order":0,"comment_status":"closed","ping_status":"closed","template":"","meta":{"_monsterinsights_skip_tracking":false,"_monsterinsights_sitenote_active":false,"_monsterinsights_sitenote_note":"","_monsterinsights_sitenote_category":0},"yoast_head":"<!-- This site is optimized with the Yoast SEO plugin v20.11 - https:\/\/yoast.com\/wordpress\/plugins\/seo\/ -->\n<title>Our Rooms - Villa Pen Prad<\/title>\n<meta name=\"robots\" content=\"index, follow, max-snippet:-1, max-image-preview:large, max-video-preview:-1\" \/>\n<link rel=\"canonical\" href=\"https:\/\/villapenprad.com\/en\/our-rooms\/\" \/>\n<meta property=\"og:locale\" content=\"en_US\" \/>\n<meta property=\"og:type\" content=\"article\" \/>\n<meta property=\"og:title\" content=\"Our Rooms - Villa Pen Prad\" \/>\n<meta property=\"og:description\" content=\"Guerveur Suite Acadie Suite Kerdonis Room Vindilis Room Guedel Room Each one of our Guest Rooms has direct views to the sea. The rooms are named after the Ferries and Vessels operating or having operated between the island and the mainland: the Acadie, the Guerveur, the Kerdonis, the Vindilis and\u2026 Continue reading\" \/>\n<meta property=\"og:url\" content=\"https:\/\/villapenprad.com\/en\/our-rooms\/\" \/>\n<meta property=\"og:site_name\" content=\"Villa Pen Prad\" \/>\n<meta property=\"article:modified_time\" content=\"2015-03-25T23:22:20+00:00\" \/>\n<meta property=\"og:image\" content=\"http:\/\/villapenprad.com\/wp-content\/uploads\/Location_Suite_Guerveur_vignette.jpeg\" \/>\n<script type=\"application\/ld+json\" class=\"yoast-schema-graph\">{\"@context\":\"https:\/\/schema.org\",\"@graph\":[{\"@type\":\"WebPage\",\"@id\":\"https:\/\/villapenprad.com\/en\/our-rooms\/\",\"url\":\"https:\/\/villapenprad.com\/en\/our-rooms\/\",\"name\":\"Our Rooms - Villa Pen Prad\",\"isPartOf\":{\"@id\":\"https:\/\/villapenprad.com\/#website\"},\"datePublished\":\"2015-03-25T22:35:17+00:00\",\"dateModified\":\"2015-03-25T23:22:20+00:00\",\"breadcrumb\":{\"@id\":\"https:\/\/villapenprad.com\/en\/our-rooms\/#breadcrumb\"},\"inLanguage\":\"en-US\",\"potentialAction\":[{\"@type\":\"ReadAction\",\"target\":[\"https:\/\/villapenprad.com\/en\/our-rooms\/\"]}]},{\"@type\":\"BreadcrumbList\",\"@id\":\"https:\/\/villapenprad.com\/en\/our-rooms\/#breadcrumb\",\"itemListElement\":[{\"@type\":\"ListItem\",\"position\":1,\"name\":\"Home\",\"item\":\"https:\/\/villapenprad.com\/\"},{\"@type\":\"ListItem\",\"position\":2,\"name\":\"Our Rooms\"}]},{\"@type\":\"WebSite\",\"@id\":\"https:\/\/villapenprad.com\/#website\",\"url\":\"https:\/\/villapenprad.com\/\",\"name\":\"Villa Pen Prad\",\"description\":\"Location de chambres d&#039;h\u00f4tes \u00e0 Belle-\u00eele-en-mer\",\"potentialAction\":[{\"@type\":\"SearchAction\",\"target\":{\"@type\":\"EntryPoint\",\"urlTemplate\":\"https:\/\/villapenprad.com\/?s={search_term_string}\"},\"query-input\":\"required name=search_term_string\"}],\"inLanguage\":\"en-US\"}]}<\/script>\n<!-- \/ Yoast SEO plugin. -->","yoast_head_json":{"title":"Our Rooms - Villa Pen Prad","robots":{"index":"index","follow":"follow","max-snippet":"max-snippet:-1","max-image-preview":"max-image-preview:large","max-video-preview":"max-video-preview:-1"},"canonical":"https:\/\/villapenprad.com\/en\/our-rooms\/","og_locale":"en_US","og_type":"article","og_title":"Our Rooms - Villa Pen Prad","og_description":"Guerveur Suite Acadie Suite Kerdonis Room Vindilis Room Guedel Room Each one of our Guest Rooms has direct views to the sea. The rooms are named after the Ferries and Vessels operating or having operated between the island and the mainland: the Acadie, the Guerveur, the Kerdonis, the Vindilis and\u2026 Continue reading","og_url":"https:\/\/villapenprad.com\/en\/our-rooms\/","og_site_name":"Villa Pen Prad","article_modified_time":"2015-03-25T23:22:20+00:00","og_image":[{"url":"http:\/\/villapenprad.com\/wp-content\/uploads\/Location_Suite_Guerveur_vignette.jpeg"}],"schema":{"@context":"https:\/\/schema.org","@graph":[{"@type":"WebPage","@id":"https:\/\/villapenprad.com\/en\/our-rooms\/","url":"https:\/\/villapenprad.com\/en\/our-rooms\/","name":"Our Rooms - Villa Pen Prad","isPartOf":{"@id":"https:\/\/villapenprad.com\/#website"},"datePublished":"2015-03-25T22:35:17+00:00","dateModified":"2015-03-25T23:22:20+00:00","breadcrumb":{"@id":"https:\/\/villapenprad.com\/en\/our-rooms\/#breadcrumb"},"inLanguage":"en-US","potentialAction":[{"@type":"ReadAction","target":["https:\/\/villapenprad.com\/en\/our-rooms\/"]}]},{"@type":"BreadcrumbList","@id":"https:\/\/villapenprad.com\/en\/our-rooms\/#breadcrumb","itemListElement":[{"@type":"ListItem","position":1,"name":"Home","item":"https:\/\/villapenprad.com\/"},{"@type":"ListItem","position":2,"name":"Our Rooms"}]},{"@type":"WebSite","@id":"https:\/\/villapenprad.com\/#website","url":"https:\/\/villapenprad.com\/","name":"Villa Pen Prad","description":"Location de chambres d&#039;h\u00f4tes \u00e0 Belle-\u00eele-en-mer","potentialAction":[{"@type":"SearchAction","target":{"@type":"EntryPoint","urlTemplate":"https:\/\/villapenprad.com\/?s={search_term_string}"},"query-input":"required name=search_term_string"}],"inLanguage":"en-US"}]}},"_links":{"self":[{"href":"https:\/\/villapenprad.com\/en\/wp-json\/wp\/v2\/pages\/727"}],"collection":[{"href":"https:\/\/villapenprad.com\/en\/wp-json\/wp\/v2\/pages"}],"about":[{"href":"https:\/\/villapenprad.com\/en\/wp-json\/wp\/v2\/types\/page"}],"author":[{"embeddable":true,"href":"https:\/\/villapenprad.com\/en\/wp-json\/wp\/v2\/users\/1"}],"replies":[{"embeddable":true,"href":"https:\/\/villapenprad.com\/en\/wp-json\/wp\/v2\/comments?post=727"}],"version-history":[{"count":3,"href":"https:\/\/villapenprad.com\/en\/wp-json\/wp\/v2\/pages\/727\/revisions"}],"predecessor-version":[{"id":768,"href":"https:\/\/villapenprad.com\/en\/wp-json\/wp\/v2\/pages\/727\/revisions\/768"}],"wp:attachment":[{"href":"https:\/\/villapenprad.com\/en\/wp-json\/wp\/v2\/media?parent=727"}],"curies":[{"name":"wp","href":"https:\/\/api.w.org\/{rel}","templated":true}]}}