{"id":725,"date":"2015-03-25T23:28:35","date_gmt":"2015-03-25T22:28:35","guid":{"rendered":"http:\/\/villapenprad.com\/?page_id=725"},"modified":"2015-03-25T23:28:35","modified_gmt":"2015-03-25T22:28:35","slug":"guest-house-in-belle-ile-en-mer-villa-pen-prad","status":"publish","type":"page","link":"https:\/\/villapenprad.com\/en\/guest-house-in-belle-ile-en-mer-villa-pen-prad\/","title":{"rendered":"Guest House in Belle-\u00cele en Mer: Villa Pen Prad"},"content":{"rendered":"<p>&nbsp;<\/p>\n<h2><img decoding=\"async\" loading=\"lazy\" class=\"alignnone size-medium wp-image-329\" alt=\"Guest House in Belle-\u00cele en Mer: Villa Pen Prad | Rent\" title=\"Guest House in Belle-\u00cele en Mer: Villa Pen Prad | Rent\" src=\"http:\/\/villapenprad.com\/wp-content\/uploads\/Maison_Hotes_Villa_Pen_Prad_Sauzon_location_Belle-Ile_vue4-copie-300x104.jpg\" width=\"300\" height=\"104\" srcset=\"https:\/\/villapenprad.com\/wp-content\/uploads\/Maison_Hotes_Villa_Pen_Prad_Sauzon_location_Belle-Ile_vue4-copie-300x104.jpg 300w, https:\/\/villapenprad.com\/wp-content\/uploads\/Maison_Hotes_Villa_Pen_Prad_Sauzon_location_Belle-Ile_vue4-copie-1024x356.jpg 1024w, https:\/\/villapenprad.com\/wp-content\/uploads\/Maison_Hotes_Villa_Pen_Prad_Sauzon_location_Belle-Ile_vue4-copie-250x86.jpg 250w, https:\/\/villapenprad.com\/wp-content\/uploads\/Maison_Hotes_Villa_Pen_Prad_Sauzon_location_Belle-Ile_vue4-copie-150x52.jpg 150w, https:\/\/villapenprad.com\/wp-content\/uploads\/Maison_Hotes_Villa_Pen_Prad_Sauzon_location_Belle-Ile_vue4-copie.jpg 1150w\" sizes=\"(max-width: 300px) 100vw, 300px\" \/><\/h2>\n<h2>Villa Pen Prad, an exceptional water-front Guest House in Belle-\u00cele en Mer<\/h2>\n<p>Villa Pen Prad overlooks Sauzon\u2019s beautiful cove harbour, in Belle-\u00cele-en-Mer.<br \/>\nLocated on a unique site, the villa is literally on the water and its views unequalled.<br \/>\nOn one side the Villa benefits of a stunning overview of Sauzon\u2019s charming quays and colored houses. On the other side views over the ria offer a panorama of Belle-\u00cele\u2019s wilderness.<\/p>\n<p>You will find in our charming Guest House, a peaceful, suave and calm place, whilst making the most of Sauzon\u2019s authentic and lively fishing port. From the Villa you will find restaurants, creperies, shops and stores within short walking distance.<\/p>\n<p>All 5 of our Guest Rooms (3 bedrooms and 2 Suites) offer sea views.<\/p>\n<p>Lounge and dining room offer 180 degree panoramic views over the harbour and the ria.<\/p>\n<p>The greatest attention is given to our breakfasts which can be served at your convenience in the dining room or in the garden.<\/p>\n<p>You will find in our Villa all you need for a wonderful start to your day in Belle-\u00cele-en-Mer.<\/p>\n","protected":false},"excerpt":{"rendered":"<p>&nbsp; Villa Pen Prad, an exceptional water-front Guest House in Belle-\u00cele en Mer Villa Pen Prad overlooks Sauzon\u2019s beautiful cove harbour, in Belle-\u00cele-en-Mer. Located on a unique site, the villa is literally on the water and its views unequalled. On one side the Villa benefits of a stunning overview of\u2026<\/p>\n<p class=\"continue-reading-button\"> <a class=\"continue-reading-link\" href=\"https:\/\/villapenprad.com\/en\/guest-house-in-belle-ile-en-mer-villa-pen-prad\/\">Continue reading<i class=\"crycon-right-dir\"><\/i><\/a><\/p>\n","protected":false},"author":1,"featured_media":0,"parent":0,"menu_order":0,"comment_status":"closed","ping_status":"closed","template":"","meta":{"_monsterinsights_skip_tracking":false,"_monsterinsights_sitenote_active":false,"_monsterinsights_sitenote_note":"","_monsterinsights_sitenote_category":0},"yoast_head":"<!-- This site is optimized with the Yoast SEO plugin v20.11 - https:\/\/yoast.com\/wordpress\/plugins\/seo\/ -->\n<title>Guest House in Belle-\u00cele en Mer: Villa Pen Prad - Villa Pen Prad<\/title>\n<meta name=\"robots\" content=\"index, follow, max-snippet:-1, max-image-preview:large, max-video-preview:-1\" \/>\n<link rel=\"canonical\" href=\"https:\/\/villapenprad.com\/en\/guest-house-in-belle-ile-en-mer-villa-pen-prad\/\" \/>\n<meta property=\"og:locale\" content=\"en_US\" \/>\n<meta property=\"og:type\" content=\"article\" \/>\n<meta property=\"og:title\" content=\"Guest House in Belle-\u00cele en Mer: Villa Pen Prad - Villa Pen Prad\" \/>\n<meta property=\"og:description\" content=\"&nbsp; Villa Pen Prad, an exceptional water-front Guest House in Belle-\u00cele en Mer Villa Pen Prad overlooks Sauzon\u2019s beautiful cove harbour, in Belle-\u00cele-en-Mer. Located on a unique site, the villa is literally on the water and its views unequalled. On one side the Villa benefits of a stunning overview of\u2026 Continue reading\" \/>\n<meta property=\"og:url\" content=\"https:\/\/villapenprad.com\/en\/guest-house-in-belle-ile-en-mer-villa-pen-prad\/\" \/>\n<meta property=\"og:site_name\" content=\"Villa Pen Prad\" \/>\n<meta property=\"og:image\" content=\"http:\/\/villapenprad.com\/wp-content\/uploads\/Maison_Hotes_Villa_Pen_Prad_Sauzon_location_Belle-Ile_vue4-copie-300x104.jpg\" \/>\n<meta name=\"twitter:label1\" content=\"Est. reading time\" \/>\n\t<meta name=\"twitter:data1\" content=\"1 minute\" \/>\n<script type=\"application\/ld+json\" class=\"yoast-schema-graph\">{\"@context\":\"https:\/\/schema.org\",\"@graph\":[{\"@type\":\"WebPage\",\"@id\":\"https:\/\/villapenprad.com\/en\/guest-house-in-belle-ile-en-mer-villa-pen-prad\/\",\"url\":\"https:\/\/villapenprad.com\/en\/guest-house-in-belle-ile-en-mer-villa-pen-prad\/\",\"name\":\"Guest House in Belle-\u00cele en Mer: Villa Pen Prad - Villa Pen Prad\",\"isPartOf\":{\"@id\":\"https:\/\/villapenprad.com\/#website\"},\"datePublished\":\"2015-03-25T22:28:35+00:00\",\"dateModified\":\"2015-03-25T22:28:35+00:00\",\"breadcrumb\":{\"@id\":\"https:\/\/villapenprad.com\/en\/guest-house-in-belle-ile-en-mer-villa-pen-prad\/#breadcrumb\"},\"inLanguage\":\"en-US\",\"potentialAction\":[{\"@type\":\"ReadAction\",\"target\":[\"https:\/\/villapenprad.com\/en\/guest-house-in-belle-ile-en-mer-villa-pen-prad\/\"]}]},{\"@type\":\"BreadcrumbList\",\"@id\":\"https:\/\/villapenprad.com\/en\/guest-house-in-belle-ile-en-mer-villa-pen-prad\/#breadcrumb\",\"itemListElement\":[{\"@type\":\"ListItem\",\"position\":1,\"name\":\"Home\",\"item\":\"https:\/\/villapenprad.com\/\"},{\"@type\":\"ListItem\",\"position\":2,\"name\":\"Guest House in Belle-\u00cele en Mer: Villa Pen Prad\"}]},{\"@type\":\"WebSite\",\"@id\":\"https:\/\/villapenprad.com\/#website\",\"url\":\"https:\/\/villapenprad.com\/\",\"name\":\"Villa Pen Prad\",\"description\":\"Location de chambres d&#039;h\u00f4tes \u00e0 Belle-\u00eele-en-mer\",\"potentialAction\":[{\"@type\":\"SearchAction\",\"target\":{\"@type\":\"EntryPoint\",\"urlTemplate\":\"https:\/\/villapenprad.com\/?s={search_term_string}\"},\"query-input\":\"required name=search_term_string\"}],\"inLanguage\":\"en-US\"}]}<\/script>\n<!-- \/ Yoast SEO plugin. -->","yoast_head_json":{"title":"Guest House in Belle-\u00cele en Mer: Villa Pen Prad - Villa Pen Prad","robots":{"index":"index","follow":"follow","max-snippet":"max-snippet:-1","max-image-preview":"max-image-preview:large","max-video-preview":"max-video-preview:-1"},"canonical":"https:\/\/villapenprad.com\/en\/guest-house-in-belle-ile-en-mer-villa-pen-prad\/","og_locale":"en_US","og_type":"article","og_title":"Guest House in Belle-\u00cele en Mer: Villa Pen Prad - Villa Pen Prad","og_description":"&nbsp; Villa Pen Prad, an exceptional water-front Guest House in Belle-\u00cele en Mer Villa Pen Prad overlooks Sauzon\u2019s beautiful cove harbour, in Belle-\u00cele-en-Mer. Located on a unique site, the villa is literally on the water and its views unequalled. On one side the Villa benefits of a stunning overview of\u2026 Continue reading","og_url":"https:\/\/villapenprad.com\/en\/guest-house-in-belle-ile-en-mer-villa-pen-prad\/","og_site_name":"Villa Pen Prad","og_image":[{"url":"http:\/\/villapenprad.com\/wp-content\/uploads\/Maison_Hotes_Villa_Pen_Prad_Sauzon_location_Belle-Ile_vue4-copie-300x104.jpg"}],"twitter_misc":{"Est. reading time":"1 minute"},"schema":{"@context":"https:\/\/schema.org","@graph":[{"@type":"WebPage","@id":"https:\/\/villapenprad.com\/en\/guest-house-in-belle-ile-en-mer-villa-pen-prad\/","url":"https:\/\/villapenprad.com\/en\/guest-house-in-belle-ile-en-mer-villa-pen-prad\/","name":"Guest House in Belle-\u00cele en Mer: Villa Pen Prad - Villa Pen Prad","isPartOf":{"@id":"https:\/\/villapenprad.com\/#website"},"datePublished":"2015-03-25T22:28:35+00:00","dateModified":"2015-03-25T22:28:35+00:00","breadcrumb":{"@id":"https:\/\/villapenprad.com\/en\/guest-house-in-belle-ile-en-mer-villa-pen-prad\/#breadcrumb"},"inLanguage":"en-US","potentialAction":[{"@type":"ReadAction","target":["https:\/\/villapenprad.com\/en\/guest-house-in-belle-ile-en-mer-villa-pen-prad\/"]}]},{"@type":"BreadcrumbList","@id":"https:\/\/villapenprad.com\/en\/guest-house-in-belle-ile-en-mer-villa-pen-prad\/#breadcrumb","itemListElement":[{"@type":"ListItem","position":1,"name":"Home","item":"https:\/\/villapenprad.com\/"},{"@type":"ListItem","position":2,"name":"Guest House in Belle-\u00cele en Mer: Villa Pen Prad"}]},{"@type":"WebSite","@id":"https:\/\/villapenprad.com\/#website","url":"https:\/\/villapenprad.com\/","name":"Villa Pen Prad","description":"Location de chambres d&#039;h\u00f4tes \u00e0 Belle-\u00eele-en-mer","potentialAction":[{"@type":"SearchAction","target":{"@type":"EntryPoint","urlTemplate":"https:\/\/villapenprad.com\/?s={search_term_string}"},"query-input":"required name=search_term_string"}],"inLanguage":"en-US"}]}},"_links":{"self":[{"href":"https:\/\/villapenprad.com\/en\/wp-json\/wp\/v2\/pages\/725"}],"collection":[{"href":"https:\/\/villapenprad.com\/en\/wp-json\/wp\/v2\/pages"}],"about":[{"href":"https:\/\/villapenprad.com\/en\/wp-json\/wp\/v2\/types\/page"}],"author":[{"embeddable":true,"href":"https:\/\/villapenprad.com\/en\/wp-json\/wp\/v2\/users\/1"}],"replies":[{"embeddable":true,"href":"https:\/\/villapenprad.com\/en\/wp-json\/wp\/v2\/comments?post=725"}],"version-history":[{"count":1,"href":"https:\/\/villapenprad.com\/en\/wp-json\/wp\/v2\/pages\/725\/revisions"}],"predecessor-version":[{"id":726,"href":"https:\/\/villapenprad.com\/en\/wp-json\/wp\/v2\/pages\/725\/revisions\/726"}],"wp:attachment":[{"href":"https:\/\/villapenprad.com\/en\/wp-json\/wp\/v2\/media?parent=725"}],"curies":[{"name":"wp","href":"https:\/\/api.w.org\/{rel}","templated":true}]}}